{"id":75,"date":"2022-05-19T15:14:33","date_gmt":"2022-05-19T13:14:33","guid":{"rendered":"https:\/\/www.rdcourses.fr\/?page_id=75"},"modified":"2025-06-27T15:23:49","modified_gmt":"2025-06-27T13:23:49","slug":"recrutement","status":"publish","type":"page","link":"https:\/\/www.rdcourses.fr\/index.php\/recrutement\/","title":{"rendered":"Contactez-nous"},"content":{"rendered":"\n<div class=\"wp-block-media-text alignwide has-media-on-the-right is-stacked-on-mobile is-image-fill\" style=\"grid-template-columns:auto 33%\"><div class=\"wp-block-media-text__content\">\n<p class=\"has-medium-font-size\">Astrid POUJARDIEU<\/p>\n\n\n\n<p style=\"font-size:15px\">Assistante Polyvalente \/ 06.80.89.83.48<\/p>\n\n\n\n<p style=\"font-size:15px\"><a href=\"mailto:marie.ducos@rdcourses.fr\">astrid.poujardieu@rdcourses.fr<\/a><\/p>\n<\/div><figure class=\"wp-block-media-text__media\" style=\"background-image:url(https:\/\/www.rdcourses.fr\/wp-content\/uploads\/2023\/11\/astrid-683x1024.jpg);background-position:37% 17%\"><img fetchpriority=\"high\" decoding=\"async\" width=\"683\" height=\"1024\" src=\"https:\/\/www.rdcourses.fr\/wp-content\/uploads\/2023\/11\/astrid-683x1024.jpg\" alt=\"\" class=\"wp-image-309 size-full\" srcset=\"https:\/\/www.rdcourses.fr\/wp-content\/uploads\/2023\/11\/astrid-683x1024.jpg 683w, https:\/\/www.rdcourses.fr\/wp-content\/uploads\/2023\/11\/astrid-200x300.jpg 200w, https:\/\/www.rdcourses.fr\/wp-content\/uploads\/2023\/11\/astrid-768x1152.jpg 768w, https:\/\/www.rdcourses.fr\/wp-content\/uploads\/2023\/11\/astrid-1024x1536.jpg 1024w, https:\/\/www.rdcourses.fr\/wp-content\/uploads\/2023\/11\/astrid-1365x2048.jpg 1365w, https:\/\/www.rdcourses.fr\/wp-content\/uploads\/2023\/11\/astrid-scaled.jpg 1707w\" sizes=\"(max-width: 683px) 100vw, 683px\" \/><\/figure><\/div>\n\n\n\n<div class=\"wp-block-media-text alignwide is-stacked-on-mobile is-image-fill\" style=\"grid-template-columns:35% auto\"><figure class=\"wp-block-media-text__media\" style=\"background-image:url(https:\/\/www.rdcourses.fr\/wp-content\/uploads\/2022\/06\/xavatar-3.png);background-position:45% 87%\"><img decoding=\"async\" width=\"400\" height=\"400\" src=\"https:\/\/www.rdcourses.fr\/wp-content\/uploads\/2022\/06\/xavatar-3.png\" alt=\"\" class=\"wp-image-150 size-full\" srcset=\"https:\/\/www.rdcourses.fr\/wp-content\/uploads\/2022\/06\/xavatar-3.png 400w, https:\/\/www.rdcourses.fr\/wp-content\/uploads\/2022\/06\/xavatar-3-300x300.png 300w, https:\/\/www.rdcourses.fr\/wp-content\/uploads\/2022\/06\/xavatar-3-150x150.png 150w, https:\/\/www.rdcourses.fr\/wp-content\/uploads\/2022\/06\/xavatar-3-100x100.png 100w\" sizes=\"(max-width: 400px) 100vw, 400px\" \/><\/figure><div class=\"wp-block-media-text__content\">\n<p class=\"has-medium-font-size\">Aurore CASSARD<\/p>\n\n\n\n<p style=\"font-size:15px\">Assistante d&rsquo;Exploitation \/ 06.80.89.36.87<\/p>\n\n\n\n<a href=\"mailto:aurore.cassard@rdcourses.fr\">aurore.cassard@rdcourses.fr<\/a>\n<\/div><\/div>\n\n\n\n<div class=\"wp-block-media-text alignwide has-media-on-the-right is-stacked-on-mobile is-image-fill\" style=\"grid-template-columns:auto 35%\"><div class=\"wp-block-media-text__content\">\n<p class=\"has-medium-font-size\">St\u00e9phane PUECH<\/p>\n\n\n\n<p class=\"has-small-font-size\">Coordinateur de Quai \/ 07.72.09.58.09<\/p>\n\n\n\n<a href=\"mailto:stockage@rdcourses.fr\">stockage@rdcourses.fr<\/a>\n<\/div><figure class=\"wp-block-media-text__media\" style=\"background-image:url(https:\/\/www.rdcourses.fr\/wp-content\/uploads\/2025\/06\/ChatGPT-Image-27-juin-2025-15_17_29.png);background-position:50% 50%\"><img decoding=\"async\" width=\"1024\" height=\"1024\" src=\"https:\/\/www.rdcourses.fr\/wp-content\/uploads\/2025\/06\/ChatGPT-Image-27-juin-2025-15_17_29.png\" alt=\"\" class=\"wp-image-463 size-full\" srcset=\"https:\/\/www.rdcourses.fr\/wp-content\/uploads\/2025\/06\/ChatGPT-Image-27-juin-2025-15_17_29.png 1024w, https:\/\/www.rdcourses.fr\/wp-content\/uploads\/2025\/06\/ChatGPT-Image-27-juin-2025-15_17_29-300x300.png 300w, https:\/\/www.rdcourses.fr\/wp-content\/uploads\/2025\/06\/ChatGPT-Image-27-juin-2025-15_17_29-150x150.png 150w, https:\/\/www.rdcourses.fr\/wp-content\/uploads\/2025\/06\/ChatGPT-Image-27-juin-2025-15_17_29-768x768.png 768w, https:\/\/www.rdcourses.fr\/wp-content\/uploads\/2025\/06\/ChatGPT-Image-27-juin-2025-15_17_29-100x100.png 100w\" sizes=\"(max-width: 706px) 89vw, (max-width: 767px) 82vw, 740px\" \/><\/figure><\/div>\n\n\n\n<div class=\"wp-block-media-text alignwide is-stacked-on-mobile is-vertically-aligned-bottom is-image-fill\" style=\"grid-template-columns:33% auto\"><figure class=\"wp-block-media-text__media\" style=\"background-image:url(https:\/\/www.rdcourses.fr\/wp-content\/uploads\/2022\/06\/xavatar-3.png);background-position:45% 87%\"><img decoding=\"async\" width=\"400\" height=\"400\" src=\"https:\/\/www.rdcourses.fr\/wp-content\/uploads\/2022\/06\/xavatar-3.png\" alt=\"\" class=\"wp-image-150 size-full\" srcset=\"https:\/\/www.rdcourses.fr\/wp-content\/uploads\/2022\/06\/xavatar-3.png 400w, https:\/\/www.rdcourses.fr\/wp-content\/uploads\/2022\/06\/xavatar-3-300x300.png 300w, https:\/\/www.rdcourses.fr\/wp-content\/uploads\/2022\/06\/xavatar-3-150x150.png 150w, https:\/\/www.rdcourses.fr\/wp-content\/uploads\/2022\/06\/xavatar-3-100x100.png 100w\" sizes=\"(max-width: 400px) 100vw, 400px\" \/><\/figure><div class=\"wp-block-media-text__content\">\n<p class=\"has-medium-font-size\">Lorie ROELLINGER<\/p>\n\n\n\n<p style=\"font-size:15px\">Assistante de Direction \/ 06.49.60.98.96<\/p>\n\n\n\n<a href=\"mailto:lorie.roellinger@rdcourses.fr\">lorie.roellinger@rdcourses.fr<\/a>\n<\/div><\/div>\n\n\n\n<div class=\"wp-block-media-text alignwide has-media-on-the-right is-stacked-on-mobile is-vertically-aligned-bottom is-image-fill\" style=\"grid-template-columns:auto 15%\"><div class=\"wp-block-media-text__content\">\n<p class=\"has-medium-font-size\">Marie DUCOS<\/p>\n\n\n\n<p style=\"font-size:15px\">Pr\u00e9sidente \/ 06.81.12.16.30<\/p>\n\n\n\n<a href=\"mailto:marie.ducos@rdcourses.fr\">marie.ducos@rdcourses.fr<\/a>\n<\/div><figure class=\"wp-block-media-text__media\" style=\"background-image:url(https:\/\/www.rdcourses.fr\/wp-content\/uploads\/2025\/06\/2560x1440-bleu-de-france-solid-color-background-1024x576.jpg);background-position:50% 50%\"><img loading=\"lazy\" decoding=\"async\" width=\"1024\" height=\"576\" src=\"https:\/\/www.rdcourses.fr\/wp-content\/uploads\/2025\/06\/2560x1440-bleu-de-france-solid-color-background-1024x576.jpg\" alt=\"\" class=\"wp-image-466 size-full\" srcset=\"https:\/\/www.rdcourses.fr\/wp-content\/uploads\/2025\/06\/2560x1440-bleu-de-france-solid-color-background-1024x576.jpg 1024w, https:\/\/www.rdcourses.fr\/wp-content\/uploads\/2025\/06\/2560x1440-bleu-de-france-solid-color-background-300x169.jpg 300w, https:\/\/www.rdcourses.fr\/wp-content\/uploads\/2025\/06\/2560x1440-bleu-de-france-solid-color-background-768x432.jpg 768w, https:\/\/www.rdcourses.fr\/wp-content\/uploads\/2025\/06\/2560x1440-bleu-de-france-solid-color-background-1536x864.jpg 1536w, https:\/\/www.rdcourses.fr\/wp-content\/uploads\/2025\/06\/2560x1440-bleu-de-france-solid-color-background-2048x1152.jpg 2048w\" sizes=\"(max-width: 706px) 89vw, (max-width: 767px) 82vw, 740px\" \/><\/figure><\/div>\n\n\n\n<div class=\"wp-block-media-text alignwide is-stacked-on-mobile is-vertically-aligned-bottom is-image-fill\" style=\"grid-template-columns:15% auto\"><figure class=\"wp-block-media-text__media\" style=\"background-image:url(https:\/\/www.rdcourses.fr\/wp-content\/uploads\/2025\/06\/2560x1440-bleu-de-france-solid-color-background-1024x576.jpg);background-position:50% 50%\"><img loading=\"lazy\" decoding=\"async\" width=\"1024\" height=\"576\" src=\"https:\/\/www.rdcourses.fr\/wp-content\/uploads\/2025\/06\/2560x1440-bleu-de-france-solid-color-background-1024x576.jpg\" alt=\"\" class=\"wp-image-466 size-full\" srcset=\"https:\/\/www.rdcourses.fr\/wp-content\/uploads\/2025\/06\/2560x1440-bleu-de-france-solid-color-background-1024x576.jpg 1024w, https:\/\/www.rdcourses.fr\/wp-content\/uploads\/2025\/06\/2560x1440-bleu-de-france-solid-color-background-300x169.jpg 300w, https:\/\/www.rdcourses.fr\/wp-content\/uploads\/2025\/06\/2560x1440-bleu-de-france-solid-color-background-768x432.jpg 768w, https:\/\/www.rdcourses.fr\/wp-content\/uploads\/2025\/06\/2560x1440-bleu-de-france-solid-color-background-1536x864.jpg 1536w, https:\/\/www.rdcourses.fr\/wp-content\/uploads\/2025\/06\/2560x1440-bleu-de-france-solid-color-background-2048x1152.jpg 2048w\" sizes=\"(max-width: 706px) 89vw, (max-width: 767px) 82vw, 740px\" \/><\/figure><div class=\"wp-block-media-text__content\">\n<p class=\"has-medium-font-size\">Rodney DUCOS<\/p>\n\n\n\n<p style=\"font-size:15px\">Directeur G\u00e9n\u00e9ral  \/ 06.69.57.93.78<\/p>\n\n\n\n<a href=\"mailto:rodney.ducos@rdcourses.fr\">rodney.ducos@rdcourses.fr<\/a>\n<\/div><\/div>\n\n\n\n<div class=\"wp-block-columns is-layout-flex wp-container-core-columns-is-layout-9d6595d7 wp-block-columns-is-layout-flex\">\n<div class=\"wp-block-column is-layout-flow wp-block-column-is-layout-flow\" style=\"flex-basis:100%\">\n<hr class=\"wp-block-separator aligncenter has-alpha-channel-opacity\"\/>\n<\/div>\n<\/div>\n\n\n\n<p class=\"has-text-align-center\"><strong>NOUS VOUS ATTENDONS DANS NOS BUREAUX ET D\u00c9P\u00d4T AU<\/strong> :<\/p>\n\n\n\n<p class=\"has-text-align-center\">4 AVENUE DE L&rsquo;INDUSTRIE <\/p>\n\n\n\n<p class=\"has-text-align-center\">ZONE EURONORD <\/p>\n\n\n\n<p class=\"has-text-align-center\">31150 BRUGUI\u00c8RES<\/p>\n\n\n\n<p class=\"has-text-align-center\">Nous restons joignables au : 06 80 89 83 48 \/  06 80 89 36 87<\/p>\n\n\n\n<iframe src=\"https:\/\/www.google.com\/maps\/embed?pb=!1m18!1m12!1m3!1d2883.678731445786!2d1.3921510156294457!3d43.71722517911915!2m3!1f0!2f0!3f0!3m2!1i1024!2i768!4f13.1!3m3!1m2!1s0x12aea66f9afec10f%3A0x55d5a09ac3a683a7!2s4%20Av.%20de%20l'Industrie%2C%2031150%20Brugui%C3%A8res!5e0!3m2!1sfr!2sfr!4v1656508342346!5m2!1sfr!2sfr\" width=\"600\" height=\"450\" style=\"border:0;\" allowfullscreen=\"\" loading=\"lazy\" referrerpolicy=\"no-referrer-when-downgrade\"><\/iframe>\n\n\n\n<p class=\"has-text-align-center\"><strong>NOTRE<\/strong> <strong>SI\u00c8GE SOCIAL<\/strong> :<\/p>\n\n\n\n<p class=\"has-text-align-center\">8 BIS ALL\u00c9E DES JARDINS<\/p>\n\n\n\n<p class=\"has-text-align-center\">31150 GAGNAC SUR GARONNE<\/p>\n","protected":false},"excerpt":{"rendered":"<p>Astrid POUJARDIEU Assistante Polyvalente \/ 06.80.89.83.48 astrid.poujardieu@rdcourses.fr Aurore CASSARD Assistante d&rsquo;Exploitation \/ 06.80.89.36.87 aurore.cassard@rdcourses.fr St\u00e9phane PUECH Coordinateur de Quai \/ 07.72.09.58.09 stockage@rdcourses.fr Lorie ROELLINGER Assistante de Direction \/ 06.49.60.98.96 lorie.roellinger@rdcourses.fr Marie DUCOS Pr\u00e9sidente \/ 06.81.12.16.30 marie.ducos@rdcourses.fr Rodney DUCOS Directeur G\u00e9n\u00e9ral \/ 06.69.57.93.78 rodney.ducos@rdcourses.fr NOUS VOUS ATTENDONS DANS NOS BUREAUX ET D\u00c9P\u00d4T AU : 4 AVENUE &hellip; <\/p>\n<p class=\"link-more\"><a href=\"https:\/\/www.rdcourses.fr\/index.php\/recrutement\/\" class=\"more-link\">Continuer la lecture<span class=\"screen-reader-text\"> de &laquo;&nbsp;Contactez-nous&nbsp;&raquo;<\/span><\/a><\/p>\n","protected":false},"author":1,"featured_media":0,"parent":0,"menu_order":0,"comment_status":"closed","ping_status":"closed","template":"","meta":{"footnotes":""},"class_list":["post-75","page","type-page","status-publish","hentry"],"yoast_head":"<!-- This site is optimized with the Yoast SEO plugin v27.1 - https:\/\/yoast.com\/product\/yoast-seo-wordpress\/ -->\n<title>Contactez-nous - RD Courses<\/title>\n<meta name=\"description\" content=\"Pour tout renseignement ou toute requ\u00eate, n&#039;h\u00e9sitez pas \u00e0 nous contacter. Nous n&#039;h\u00e9siterons pas \u00e0 vous r\u00e9pondre dans de plus brefs d\u00e9lais !\" \/>\n<meta name=\"robots\" content=\"index, follow, max-snippet:-1, max-image-preview:large, max-video-preview:-1\" \/>\n<link rel=\"canonical\" href=\"https:\/\/www.rdcourses.fr\/index.php\/recrutement\/\" \/>\n<meta property=\"og:locale\" content=\"fr_FR\" \/>\n<meta property=\"og:type\" content=\"article\" \/>\n<meta property=\"og:title\" content=\"Contactez-nous - RD Courses\" \/>\n<meta property=\"og:description\" content=\"Pour tout renseignement ou toute requ\u00eate, n&#039;h\u00e9sitez pas \u00e0 nous contacter. Nous n&#039;h\u00e9siterons pas \u00e0 vous r\u00e9pondre dans de plus brefs d\u00e9lais !\" \/>\n<meta property=\"og:url\" content=\"https:\/\/www.rdcourses.fr\/index.php\/recrutement\/\" \/>\n<meta property=\"og:site_name\" content=\"RD Courses\" \/>\n<meta property=\"article:modified_time\" content=\"2025-06-27T13:23:49+00:00\" \/>\n<meta property=\"og:image\" content=\"https:\/\/www.rdcourses.fr\/wp-content\/uploads\/2023\/11\/astrid-683x1024.jpg\" \/>\n<meta name=\"twitter:card\" content=\"summary_large_image\" \/>\n<meta name=\"twitter:label1\" content=\"Dur\u00e9e de lecture estim\u00e9e\" \/>\n\t<meta name=\"twitter:data1\" content=\"2 minutes\" \/>\n<script type=\"application\/ld+json\" class=\"yoast-schema-graph\">{\"@context\":\"https:\/\/schema.org\",\"@graph\":[{\"@type\":\"WebPage\",\"@id\":\"https:\/\/www.rdcourses.fr\/index.php\/recrutement\/\",\"url\":\"https:\/\/www.rdcourses.fr\/index.php\/recrutement\/\",\"name\":\"Contactez-nous - RD Courses\",\"isPartOf\":{\"@id\":\"https:\/\/www.rdcourses.fr\/#website\"},\"primaryImageOfPage\":{\"@id\":\"https:\/\/www.rdcourses.fr\/index.php\/recrutement\/#primaryimage\"},\"image\":{\"@id\":\"https:\/\/www.rdcourses.fr\/index.php\/recrutement\/#primaryimage\"},\"thumbnailUrl\":\"https:\/\/www.rdcourses.fr\/wp-content\/uploads\/2023\/11\/astrid-683x1024.jpg\",\"datePublished\":\"2022-05-19T13:14:33+00:00\",\"dateModified\":\"2025-06-27T13:23:49+00:00\",\"description\":\"Pour tout renseignement ou toute requ\u00eate, n'h\u00e9sitez pas \u00e0 nous contacter. Nous n'h\u00e9siterons pas \u00e0 vous r\u00e9pondre dans de plus brefs d\u00e9lais !\",\"breadcrumb\":{\"@id\":\"https:\/\/www.rdcourses.fr\/index.php\/recrutement\/#breadcrumb\"},\"inLanguage\":\"fr-FR\",\"potentialAction\":[{\"@type\":\"ReadAction\",\"target\":[\"https:\/\/www.rdcourses.fr\/index.php\/recrutement\/\"]}]},{\"@type\":\"ImageObject\",\"inLanguage\":\"fr-FR\",\"@id\":\"https:\/\/www.rdcourses.fr\/index.php\/recrutement\/#primaryimage\",\"url\":\"https:\/\/www.rdcourses.fr\/wp-content\/uploads\/2023\/11\/astrid-scaled.jpg\",\"contentUrl\":\"https:\/\/www.rdcourses.fr\/wp-content\/uploads\/2023\/11\/astrid-scaled.jpg\",\"width\":1707,\"height\":2560},{\"@type\":\"BreadcrumbList\",\"@id\":\"https:\/\/www.rdcourses.fr\/index.php\/recrutement\/#breadcrumb\",\"itemListElement\":[{\"@type\":\"ListItem\",\"position\":1,\"name\":\"Accueil\",\"item\":\"https:\/\/www.rdcourses.fr\/\"},{\"@type\":\"ListItem\",\"position\":2,\"name\":\"Contactez-nous\"}]},{\"@type\":\"WebSite\",\"@id\":\"https:\/\/www.rdcourses.fr\/#website\",\"url\":\"https:\/\/www.rdcourses.fr\/\",\"name\":\"RD Courses\",\"description\":\"Votre transporteur Toulousain\",\"publisher\":{\"@id\":\"https:\/\/www.rdcourses.fr\/#organization\"},\"potentialAction\":[{\"@type\":\"SearchAction\",\"target\":{\"@type\":\"EntryPoint\",\"urlTemplate\":\"https:\/\/www.rdcourses.fr\/?s={search_term_string}\"},\"query-input\":{\"@type\":\"PropertyValueSpecification\",\"valueRequired\":true,\"valueName\":\"search_term_string\"}}],\"inLanguage\":\"fr-FR\"},{\"@type\":\"Organization\",\"@id\":\"https:\/\/www.rdcourses.fr\/#organization\",\"name\":\"RD Courses\",\"url\":\"https:\/\/www.rdcourses.fr\/\",\"logo\":{\"@type\":\"ImageObject\",\"inLanguage\":\"fr-FR\",\"@id\":\"https:\/\/www.rdcourses.fr\/#\/schema\/logo\/image\/\",\"url\":\"https:\/\/www.rdcourses.fr\/wp-content\/uploads\/2022\/05\/logo.png\",\"contentUrl\":\"https:\/\/www.rdcourses.fr\/wp-content\/uploads\/2022\/05\/logo.png\",\"width\":278,\"height\":228,\"caption\":\"RD Courses\"},\"image\":{\"@id\":\"https:\/\/www.rdcourses.fr\/#\/schema\/logo\/image\/\"}}]}<\/script>\n<!-- \/ Yoast SEO plugin. -->","yoast_head_json":{"title":"Contactez-nous - RD Courses","description":"Pour tout renseignement ou toute requ\u00eate, n'h\u00e9sitez pas \u00e0 nous contacter. Nous n'h\u00e9siterons pas \u00e0 vous r\u00e9pondre dans de plus brefs d\u00e9lais !","robots":{"index":"index","follow":"follow","max-snippet":"max-snippet:-1","max-image-preview":"max-image-preview:large","max-video-preview":"max-video-preview:-1"},"canonical":"https:\/\/www.rdcourses.fr\/index.php\/recrutement\/","og_locale":"fr_FR","og_type":"article","og_title":"Contactez-nous - RD Courses","og_description":"Pour tout renseignement ou toute requ\u00eate, n'h\u00e9sitez pas \u00e0 nous contacter. Nous n'h\u00e9siterons pas \u00e0 vous r\u00e9pondre dans de plus brefs d\u00e9lais !","og_url":"https:\/\/www.rdcourses.fr\/index.php\/recrutement\/","og_site_name":"RD Courses","article_modified_time":"2025-06-27T13:23:49+00:00","og_image":[{"url":"https:\/\/www.rdcourses.fr\/wp-content\/uploads\/2023\/11\/astrid-683x1024.jpg","type":"","width":"","height":""}],"twitter_card":"summary_large_image","twitter_misc":{"Dur\u00e9e de lecture estim\u00e9e":"2 minutes"},"schema":{"@context":"https:\/\/schema.org","@graph":[{"@type":"WebPage","@id":"https:\/\/www.rdcourses.fr\/index.php\/recrutement\/","url":"https:\/\/www.rdcourses.fr\/index.php\/recrutement\/","name":"Contactez-nous - RD Courses","isPartOf":{"@id":"https:\/\/www.rdcourses.fr\/#website"},"primaryImageOfPage":{"@id":"https:\/\/www.rdcourses.fr\/index.php\/recrutement\/#primaryimage"},"image":{"@id":"https:\/\/www.rdcourses.fr\/index.php\/recrutement\/#primaryimage"},"thumbnailUrl":"https:\/\/www.rdcourses.fr\/wp-content\/uploads\/2023\/11\/astrid-683x1024.jpg","datePublished":"2022-05-19T13:14:33+00:00","dateModified":"2025-06-27T13:23:49+00:00","description":"Pour tout renseignement ou toute requ\u00eate, n'h\u00e9sitez pas \u00e0 nous contacter. Nous n'h\u00e9siterons pas \u00e0 vous r\u00e9pondre dans de plus brefs d\u00e9lais !","breadcrumb":{"@id":"https:\/\/www.rdcourses.fr\/index.php\/recrutement\/#breadcrumb"},"inLanguage":"fr-FR","potentialAction":[{"@type":"ReadAction","target":["https:\/\/www.rdcourses.fr\/index.php\/recrutement\/"]}]},{"@type":"ImageObject","inLanguage":"fr-FR","@id":"https:\/\/www.rdcourses.fr\/index.php\/recrutement\/#primaryimage","url":"https:\/\/www.rdcourses.fr\/wp-content\/uploads\/2023\/11\/astrid-scaled.jpg","contentUrl":"https:\/\/www.rdcourses.fr\/wp-content\/uploads\/2023\/11\/astrid-scaled.jpg","width":1707,"height":2560},{"@type":"BreadcrumbList","@id":"https:\/\/www.rdcourses.fr\/index.php\/recrutement\/#breadcrumb","itemListElement":[{"@type":"ListItem","position":1,"name":"Accueil","item":"https:\/\/www.rdcourses.fr\/"},{"@type":"ListItem","position":2,"name":"Contactez-nous"}]},{"@type":"WebSite","@id":"https:\/\/www.rdcourses.fr\/#website","url":"https:\/\/www.rdcourses.fr\/","name":"RD Courses","description":"Votre transporteur Toulousain","publisher":{"@id":"https:\/\/www.rdcourses.fr\/#organization"},"potentialAction":[{"@type":"SearchAction","target":{"@type":"EntryPoint","urlTemplate":"https:\/\/www.rdcourses.fr\/?s={search_term_string}"},"query-input":{"@type":"PropertyValueSpecification","valueRequired":true,"valueName":"search_term_string"}}],"inLanguage":"fr-FR"},{"@type":"Organization","@id":"https:\/\/www.rdcourses.fr\/#organization","name":"RD Courses","url":"https:\/\/www.rdcourses.fr\/","logo":{"@type":"ImageObject","inLanguage":"fr-FR","@id":"https:\/\/www.rdcourses.fr\/#\/schema\/logo\/image\/","url":"https:\/\/www.rdcourses.fr\/wp-content\/uploads\/2022\/05\/logo.png","contentUrl":"https:\/\/www.rdcourses.fr\/wp-content\/uploads\/2022\/05\/logo.png","width":278,"height":228,"caption":"RD Courses"},"image":{"@id":"https:\/\/www.rdcourses.fr\/#\/schema\/logo\/image\/"}}]}},"_links":{"self":[{"href":"https:\/\/www.rdcourses.fr\/index.php\/wp-json\/wp\/v2\/pages\/75","targetHints":{"allow":["GET"]}}],"collection":[{"href":"https:\/\/www.rdcourses.fr\/index.php\/wp-json\/wp\/v2\/pages"}],"about":[{"href":"https:\/\/www.rdcourses.fr\/index.php\/wp-json\/wp\/v2\/types\/page"}],"author":[{"embeddable":true,"href":"https:\/\/www.rdcourses.fr\/index.php\/wp-json\/wp\/v2\/users\/1"}],"replies":[{"embeddable":true,"href":"https:\/\/www.rdcourses.fr\/index.php\/wp-json\/wp\/v2\/comments?post=75"}],"version-history":[{"count":33,"href":"https:\/\/www.rdcourses.fr\/index.php\/wp-json\/wp\/v2\/pages\/75\/revisions"}],"predecessor-version":[{"id":469,"href":"https:\/\/www.rdcourses.fr\/index.php\/wp-json\/wp\/v2\/pages\/75\/revisions\/469"}],"wp:attachment":[{"href":"https:\/\/www.rdcourses.fr\/index.php\/wp-json\/wp\/v2\/media?parent=75"}],"curies":[{"name":"wp","href":"https:\/\/api.w.org\/{rel}","templated":true}]}}