{"id":71,"date":"2022-05-19T15:14:07","date_gmt":"2022-05-19T13:14:07","guid":{"rendered":"https:\/\/www.rdcourses.fr\/?page_id=71"},"modified":"2025-06-27T12:00:40","modified_gmt":"2025-06-27T10:00:40","slug":"notre-entreprise","status":"publish","type":"page","link":"https:\/\/www.rdcourses.fr\/","title":{"rendered":"Entreprise de transports de marchandises Toulousaine"},"content":{"rendered":"\n\n\n<div class=\"wp-block-columns alignwide is-layout-flex wp-container-core-columns-is-layout-9d6595d7 wp-block-columns-is-layout-flex\">\n<div class=\"wp-block-column is-layout-flow wp-block-column-is-layout-flow\" style=\"flex-basis:100%\"><\/div>\n<\/div>\n\n\n\n<p><\/p>\n\n\n\n<figure class=\"wp-block-image size-full is-style-rounded\"><img decoding=\"async\" src=\"https:\/\/www.rdcourses.fr\/wp-content\/uploads\/2022\/06\/IMG_5335-pdf-1024x724-1.jpg\" alt=\"Equipe\" class=\"wp-image-174\"\/><\/figure>\n\n\n\n<p><\/p>\n\n\n\n<p><strong>Implant\u00e9e \u00e0 Gagnac-sur-Garonne et Brugui\u00e8res depuis d\u00e9but 2020, RD Courses est avant tout une entreprise familiale dont la croissance et la r\u00e9putation reposent sur l\u2019excellence de ses services.<\/strong><\/p>\n\n\n\n<p>Cr\u00e9\u00e9e au d\u00e9but de l\u2019ann\u00e9e 2020 par Rodney et Marie Ducos, forts de 20 ann\u00e9es d\u2019exp\u00e9rience dans le domaine du transport, RD Courses s\u2019impose sur le march\u00e9 r\u00e9gional, national et m\u00eame europ\u00e9en.<\/p>\n\n\n\n<p>Notre \u00e9quipe s\u2019est d\u00e9velopp\u00e9e au fil des mois pour atteindre aujourd\u2019hui 35 salari\u00e9s, tout en pr\u00e9servant notre esprit familial, notre savoir-faire et notre sens du service.<\/p>\n\n\n\n<p>Depuis nos d\u00e9buts, notre priorit\u00e9 est de vous proposer des solutions qui d\u00e9passent vos attentes.<\/p>\n\n\n\n<hr class=\"wp-block-separator has-alpha-channel-opacity\"\/>\n\n\n\n<p><strong>NOTRE \u00c9QUIPE<\/strong><br><em>Une famille de professionnels \u00e0 votre service !<\/em><\/p>\n\n\n\n<p><strong>NOS FORCES<\/strong><\/p>\n\n\n\n<ul class=\"wp-block-list\">\n<li>Une \u00e9quipe efficace, r\u00e9active et r\u00e9guli\u00e8rement form\u00e9e<\/li>\n\n\n\n<li>Des livraisons r\u00e9alis\u00e9es dans les d\u00e9lais<\/li>\n\n\n\n<li>Des reportings r\u00e9guliers pour un suivi optimal<\/li>\n<\/ul>\n","protected":false},"excerpt":{"rendered":"<p>Implant\u00e9e \u00e0 Gagnac-sur-Garonne et Brugui\u00e8res depuis d\u00e9but 2020, RD Courses est avant tout une entreprise familiale dont la croissance et la r\u00e9putation reposent sur l\u2019excellence de ses services. Cr\u00e9\u00e9e au d\u00e9but de l\u2019ann\u00e9e 2020 par Rodney et Marie Ducos, forts de 20 ann\u00e9es d\u2019exp\u00e9rience dans le domaine du transport, RD Courses s\u2019impose sur le march\u00e9 &hellip; <\/p>\n<p class=\"link-more\"><a href=\"https:\/\/www.rdcourses.fr\/\" class=\"more-link\">Continuer la lecture<span class=\"screen-reader-text\"> de &laquo;&nbsp;Entreprise de transports de marchandises Toulousaine&nbsp;&raquo;<\/span><\/a><\/p>\n","protected":false},"author":1,"featured_media":0,"parent":0,"menu_order":0,"comment_status":"closed","ping_status":"closed","template":"","meta":{"footnotes":""},"class_list":["post-71","page","type-page","status-publish","hentry"],"yoast_head":"<!-- This site is optimized with the Yoast SEO plugin v27.1 - https:\/\/yoast.com\/product\/yoast-seo-wordpress\/ -->\n<title>RD COURSES \/ ENTREPRISE DE TRANSPORTS<\/title>\n<meta name=\"description\" content=\"Rd Courses, entreprise familiale form\u00e9e en 2020, est sp\u00e9cialis\u00e9e dans la course et la messagerie. Avec une \u00e9quipe de 22 salari\u00e9s\" \/>\n<meta name=\"robots\" content=\"index, follow, max-snippet:-1, max-image-preview:large, max-video-preview:-1\" \/>\n<link rel=\"canonical\" href=\"https:\/\/www.rdcourses.fr\/\" \/>\n<meta property=\"og:locale\" content=\"fr_FR\" \/>\n<meta property=\"og:type\" content=\"article\" \/>\n<meta property=\"og:title\" content=\"RD COURSES \/ ENTREPRISE DE TRANSPORTS\" \/>\n<meta property=\"og:description\" content=\"Rd Courses, entreprise familiale form\u00e9e en 2020, est sp\u00e9cialis\u00e9e dans la course et la messagerie. Avec une \u00e9quipe de 22 salari\u00e9s\" \/>\n<meta property=\"og:url\" content=\"https:\/\/www.rdcourses.fr\/\" \/>\n<meta property=\"og:site_name\" content=\"RD Courses\" \/>\n<meta property=\"article:modified_time\" content=\"2025-06-27T10:00:40+00:00\" \/>\n<meta property=\"og:image\" content=\"https:\/\/www.rdcourses.fr\/wp-content\/uploads\/2022\/06\/IMG_5335-pdf-1024x724-1.jpg\" \/>\n<meta name=\"twitter:card\" content=\"summary_large_image\" \/>\n<meta name=\"twitter:label1\" content=\"Dur\u00e9e de lecture estim\u00e9e\" \/>\n\t<meta name=\"twitter:data1\" content=\"1 minute\" \/>\n<script type=\"application\/ld+json\" class=\"yoast-schema-graph\">{\"@context\":\"https:\/\/schema.org\",\"@graph\":[{\"@type\":\"WebPage\",\"@id\":\"https:\/\/www.rdcourses.fr\/\",\"url\":\"https:\/\/www.rdcourses.fr\/\",\"name\":\"RD COURSES \/ ENTREPRISE DE TRANSPORTS\",\"isPartOf\":{\"@id\":\"https:\/\/www.rdcourses.fr\/#website\"},\"primaryImageOfPage\":{\"@id\":\"https:\/\/www.rdcourses.fr\/#primaryimage\"},\"image\":{\"@id\":\"https:\/\/www.rdcourses.fr\/#primaryimage\"},\"thumbnailUrl\":\"https:\/\/www.rdcourses.fr\/wp-content\/uploads\/2022\/06\/IMG_5335-pdf-1024x724-1.jpg\",\"datePublished\":\"2022-05-19T13:14:07+00:00\",\"dateModified\":\"2025-06-27T10:00:40+00:00\",\"description\":\"Rd Courses, entreprise familiale form\u00e9e en 2020, est sp\u00e9cialis\u00e9e dans la course et la messagerie. Avec une \u00e9quipe de 22 salari\u00e9s\",\"breadcrumb\":{\"@id\":\"https:\/\/www.rdcourses.fr\/#breadcrumb\"},\"inLanguage\":\"fr-FR\",\"potentialAction\":[{\"@type\":\"ReadAction\",\"target\":[\"https:\/\/www.rdcourses.fr\/\"]}]},{\"@type\":\"ImageObject\",\"inLanguage\":\"fr-FR\",\"@id\":\"https:\/\/www.rdcourses.fr\/#primaryimage\",\"url\":\"https:\/\/www.rdcourses.fr\/wp-content\/uploads\/2022\/06\/IMG_5335-pdf-1024x724-1-e1722350905753.jpg\",\"contentUrl\":\"https:\/\/www.rdcourses.fr\/wp-content\/uploads\/2022\/06\/IMG_5335-pdf-1024x724-1-e1722350905753.jpg\",\"width\":86,\"height\":98},{\"@type\":\"BreadcrumbList\",\"@id\":\"https:\/\/www.rdcourses.fr\/#breadcrumb\",\"itemListElement\":[{\"@type\":\"ListItem\",\"position\":1,\"name\":\"Accueil\",\"item\":\"https:\/\/www.rdcourses.fr\/\"},{\"@type\":\"ListItem\",\"position\":2,\"name\":\"Entreprise de transports de marchandises Toulousaine\"}]},{\"@type\":\"WebSite\",\"@id\":\"https:\/\/www.rdcourses.fr\/#website\",\"url\":\"https:\/\/www.rdcourses.fr\/\",\"name\":\"RD Courses\",\"description\":\"Votre transporteur Toulousain\",\"publisher\":{\"@id\":\"https:\/\/www.rdcourses.fr\/#organization\"},\"potentialAction\":[{\"@type\":\"SearchAction\",\"target\":{\"@type\":\"EntryPoint\",\"urlTemplate\":\"https:\/\/www.rdcourses.fr\/?s={search_term_string}\"},\"query-input\":{\"@type\":\"PropertyValueSpecification\",\"valueRequired\":true,\"valueName\":\"search_term_string\"}}],\"inLanguage\":\"fr-FR\"},{\"@type\":\"Organization\",\"@id\":\"https:\/\/www.rdcourses.fr\/#organization\",\"name\":\"RD Courses\",\"url\":\"https:\/\/www.rdcourses.fr\/\",\"logo\":{\"@type\":\"ImageObject\",\"inLanguage\":\"fr-FR\",\"@id\":\"https:\/\/www.rdcourses.fr\/#\/schema\/logo\/image\/\",\"url\":\"https:\/\/www.rdcourses.fr\/wp-content\/uploads\/2022\/05\/logo.png\",\"contentUrl\":\"https:\/\/www.rdcourses.fr\/wp-content\/uploads\/2022\/05\/logo.png\",\"width\":278,\"height\":228,\"caption\":\"RD Courses\"},\"image\":{\"@id\":\"https:\/\/www.rdcourses.fr\/#\/schema\/logo\/image\/\"}}]}<\/script>\n<!-- \/ Yoast SEO plugin. -->","yoast_head_json":{"title":"RD COURSES \/ ENTREPRISE DE TRANSPORTS","description":"Rd Courses, entreprise familiale form\u00e9e en 2020, est sp\u00e9cialis\u00e9e dans la course et la messagerie. Avec une \u00e9quipe de 22 salari\u00e9s","robots":{"index":"index","follow":"follow","max-snippet":"max-snippet:-1","max-image-preview":"max-image-preview:large","max-video-preview":"max-video-preview:-1"},"canonical":"https:\/\/www.rdcourses.fr\/","og_locale":"fr_FR","og_type":"article","og_title":"RD COURSES \/ ENTREPRISE DE TRANSPORTS","og_description":"Rd Courses, entreprise familiale form\u00e9e en 2020, est sp\u00e9cialis\u00e9e dans la course et la messagerie. Avec une \u00e9quipe de 22 salari\u00e9s","og_url":"https:\/\/www.rdcourses.fr\/","og_site_name":"RD Courses","article_modified_time":"2025-06-27T10:00:40+00:00","og_image":[{"url":"https:\/\/www.rdcourses.fr\/wp-content\/uploads\/2022\/06\/IMG_5335-pdf-1024x724-1.jpg","type":"","width":"","height":""}],"twitter_card":"summary_large_image","twitter_misc":{"Dur\u00e9e de lecture estim\u00e9e":"1 minute"},"schema":{"@context":"https:\/\/schema.org","@graph":[{"@type":"WebPage","@id":"https:\/\/www.rdcourses.fr\/","url":"https:\/\/www.rdcourses.fr\/","name":"RD COURSES \/ ENTREPRISE DE TRANSPORTS","isPartOf":{"@id":"https:\/\/www.rdcourses.fr\/#website"},"primaryImageOfPage":{"@id":"https:\/\/www.rdcourses.fr\/#primaryimage"},"image":{"@id":"https:\/\/www.rdcourses.fr\/#primaryimage"},"thumbnailUrl":"https:\/\/www.rdcourses.fr\/wp-content\/uploads\/2022\/06\/IMG_5335-pdf-1024x724-1.jpg","datePublished":"2022-05-19T13:14:07+00:00","dateModified":"2025-06-27T10:00:40+00:00","description":"Rd Courses, entreprise familiale form\u00e9e en 2020, est sp\u00e9cialis\u00e9e dans la course et la messagerie. Avec une \u00e9quipe de 22 salari\u00e9s","breadcrumb":{"@id":"https:\/\/www.rdcourses.fr\/#breadcrumb"},"inLanguage":"fr-FR","potentialAction":[{"@type":"ReadAction","target":["https:\/\/www.rdcourses.fr\/"]}]},{"@type":"ImageObject","inLanguage":"fr-FR","@id":"https:\/\/www.rdcourses.fr\/#primaryimage","url":"https:\/\/www.rdcourses.fr\/wp-content\/uploads\/2022\/06\/IMG_5335-pdf-1024x724-1-e1722350905753.jpg","contentUrl":"https:\/\/www.rdcourses.fr\/wp-content\/uploads\/2022\/06\/IMG_5335-pdf-1024x724-1-e1722350905753.jpg","width":86,"height":98},{"@type":"BreadcrumbList","@id":"https:\/\/www.rdcourses.fr\/#breadcrumb","itemListElement":[{"@type":"ListItem","position":1,"name":"Accueil","item":"https:\/\/www.rdcourses.fr\/"},{"@type":"ListItem","position":2,"name":"Entreprise de transports de marchandises Toulousaine"}]},{"@type":"WebSite","@id":"https:\/\/www.rdcourses.fr\/#website","url":"https:\/\/www.rdcourses.fr\/","name":"RD Courses","description":"Votre transporteur Toulousain","publisher":{"@id":"https:\/\/www.rdcourses.fr\/#organization"},"potentialAction":[{"@type":"SearchAction","target":{"@type":"EntryPoint","urlTemplate":"https:\/\/www.rdcourses.fr\/?s={search_term_string}"},"query-input":{"@type":"PropertyValueSpecification","valueRequired":true,"valueName":"search_term_string"}}],"inLanguage":"fr-FR"},{"@type":"Organization","@id":"https:\/\/www.rdcourses.fr\/#organization","name":"RD Courses","url":"https:\/\/www.rdcourses.fr\/","logo":{"@type":"ImageObject","inLanguage":"fr-FR","@id":"https:\/\/www.rdcourses.fr\/#\/schema\/logo\/image\/","url":"https:\/\/www.rdcourses.fr\/wp-content\/uploads\/2022\/05\/logo.png","contentUrl":"https:\/\/www.rdcourses.fr\/wp-content\/uploads\/2022\/05\/logo.png","width":278,"height":228,"caption":"RD Courses"},"image":{"@id":"https:\/\/www.rdcourses.fr\/#\/schema\/logo\/image\/"}}]}},"_links":{"self":[{"href":"https:\/\/www.rdcourses.fr\/index.php\/wp-json\/wp\/v2\/pages\/71","targetHints":{"allow":["GET"]}}],"collection":[{"href":"https:\/\/www.rdcourses.fr\/index.php\/wp-json\/wp\/v2\/pages"}],"about":[{"href":"https:\/\/www.rdcourses.fr\/index.php\/wp-json\/wp\/v2\/types\/page"}],"author":[{"embeddable":true,"href":"https:\/\/www.rdcourses.fr\/index.php\/wp-json\/wp\/v2\/users\/1"}],"replies":[{"embeddable":true,"href":"https:\/\/www.rdcourses.fr\/index.php\/wp-json\/wp\/v2\/comments?post=71"}],"version-history":[{"count":44,"href":"https:\/\/www.rdcourses.fr\/index.php\/wp-json\/wp\/v2\/pages\/71\/revisions"}],"predecessor-version":[{"id":450,"href":"https:\/\/www.rdcourses.fr\/index.php\/wp-json\/wp\/v2\/pages\/71\/revisions\/450"}],"wp:attachment":[{"href":"https:\/\/www.rdcourses.fr\/index.php\/wp-json\/wp\/v2\/media?parent=71"}],"curies":[{"name":"wp","href":"https:\/\/api.w.org\/{rel}","templated":true}]}}