{"id":407,"date":"2023-11-22T15:29:49","date_gmt":"2023-11-22T14:29:49","guid":{"rendered":"https:\/\/www.rdcourses.fr\/?page_id=407"},"modified":"2025-06-27T15:29:09","modified_gmt":"2025-06-27T13:29:09","slug":"stockage","status":"publish","type":"page","link":"https:\/\/www.rdcourses.fr\/index.php\/stockage\/","title":{"rendered":"Stockage"},"content":{"rendered":"\t\t<div data-elementor-type=\"wp-page\" data-elementor-id=\"407\" class=\"elementor elementor-407\">\n\t\t\t\t<div class=\"elementor-element elementor-element-bdb85b e-flex e-con-boxed e-con e-parent\" data-id=\"bdb85b\" data-element_type=\"container\" data-e-type=\"container\">\n\t\t\t\t\t<div class=\"e-con-inner\">\n\t\t\t\t<div class=\"elementor-element elementor-element-1faf0532 elementor-widget elementor-widget-text-editor\" data-id=\"1faf0532\" data-element_type=\"widget\" data-e-type=\"widget\" data-widget_type=\"text-editor.default\">\n\t\t\t\t<div class=\"elementor-widget-container\">\n\t\t\t\t\t\t\t\t\t<p data-start=\"63\" data-end=\"253\">Nous disposons d\u2019un <strong data-start=\"83\" data-end=\"102\">d\u00e9p\u00f4t de 600 m\u00b2<\/strong> pour r\u00e9pondre \u00e0 vos besoins, qu&rsquo;ils soient <strong data-start=\"146\" data-end=\"159\">ponctuels<\/strong> ou en <strong data-start=\"166\" data-end=\"224\">espace de stockage d\u00e9di\u00e9 aux cuisines professionnelles<\/strong>, quelle que soit la dur\u00e9e.<\/p>\n<p data-start=\"255\" data-end=\"388\">Le site est \u00e9quip\u00e9 d\u2019un <strong data-start=\"279\" data-end=\"306\">acc\u00e8s pour poids lourds<\/strong> ainsi que d\u2019un <strong data-start=\"322\" data-end=\"339\">quai niveleur<\/strong> pour faciliter le chargement et le d\u00e9chargement.<\/p>\t\t\t\t\t\t\t\t<\/div>\n\t\t\t\t<\/div>\n\t\t\t\t\t<\/div>\n\t\t\t\t<\/div>\n\t\t<div class=\"elementor-element elementor-element-fa93b47 e-flex e-con-boxed e-con e-parent\" data-id=\"fa93b47\" data-element_type=\"container\" data-e-type=\"container\">\n\t\t\t\t\t<div class=\"e-con-inner\">\n\t\t\t\t<div class=\"elementor-element elementor-element-7c07f61 elementor-widget elementor-widget-image\" data-id=\"7c07f61\" data-element_type=\"widget\" data-e-type=\"widget\" data-widget_type=\"image.default\">\n\t\t\t\t<div class=\"elementor-widget-container\">\n\t\t\t\t\t\t\t\t\t\t\t\t\t\t\t<img fetchpriority=\"high\" decoding=\"async\" width=\"239\" height=\"300\" src=\"https:\/\/www.rdcourses.fr\/wp-content\/uploads\/2023\/11\/stockage-1-239x300.jpg\" class=\"attachment-medium size-medium wp-image-433\" alt=\"\" srcset=\"https:\/\/www.rdcourses.fr\/wp-content\/uploads\/2023\/11\/stockage-1-239x300.jpg 239w, https:\/\/www.rdcourses.fr\/wp-content\/uploads\/2023\/11\/stockage-1-814x1024.jpg 814w, https:\/\/www.rdcourses.fr\/wp-content\/uploads\/2023\/11\/stockage-1-768x966.jpg 768w, https:\/\/www.rdcourses.fr\/wp-content\/uploads\/2023\/11\/stockage-1-1221x1536.jpg 1221w, https:\/\/www.rdcourses.fr\/wp-content\/uploads\/2023\/11\/stockage-1-1628x2048.jpg 1628w, https:\/\/www.rdcourses.fr\/wp-content\/uploads\/2023\/11\/stockage-1-scaled.jpg 2036w\" sizes=\"100vw\" \/>\t\t\t\t\t\t\t\t\t\t\t\t\t\t\t<\/div>\n\t\t\t\t<\/div>\n\t\t\t\t\t<\/div>\n\t\t\t\t<\/div>\n\t\t\t\t<\/div>\n\t\t","protected":false},"excerpt":{"rendered":"<p>Nous disposons d\u2019un d\u00e9p\u00f4t de 600 m\u00b2 pour r\u00e9pondre \u00e0 vos besoins, qu&rsquo;ils soient ponctuels ou en espace de stockage d\u00e9di\u00e9 aux cuisines professionnelles, quelle que soit la dur\u00e9e. Le site est \u00e9quip\u00e9 d\u2019un acc\u00e8s pour poids lourds ainsi que d\u2019un quai niveleur pour faciliter le chargement et le d\u00e9chargement.<\/p>\n","protected":false},"author":1,"featured_media":0,"parent":0,"menu_order":0,"comment_status":"closed","ping_status":"closed","template":"","meta":{"footnotes":""},"class_list":["post-407","page","type-page","status-publish","hentry"],"yoast_head":"<!-- This site is optimized with the Yoast SEO plugin v27.1 - https:\/\/yoast.com\/product\/yoast-seo-wordpress\/ -->\n<title>Stockage - RD Courses<\/title>\n<meta name=\"robots\" content=\"index, follow, max-snippet:-1, max-image-preview:large, max-video-preview:-1\" \/>\n<link rel=\"canonical\" href=\"https:\/\/www.rdcourses.fr\/index.php\/stockage\/\" \/>\n<meta property=\"og:locale\" content=\"fr_FR\" \/>\n<meta property=\"og:type\" content=\"article\" \/>\n<meta property=\"og:title\" content=\"Stockage - RD Courses\" \/>\n<meta property=\"og:description\" content=\"Nous disposons d\u2019un d\u00e9p\u00f4t de 600 m\u00b2 pour r\u00e9pondre \u00e0 vos besoins, qu&rsquo;ils soient ponctuels ou en espace de stockage d\u00e9di\u00e9 aux cuisines professionnelles, quelle que soit la dur\u00e9e. Le site est \u00e9quip\u00e9 d\u2019un acc\u00e8s pour poids lourds ainsi que d\u2019un quai niveleur pour faciliter le chargement et le d\u00e9chargement.\" \/>\n<meta property=\"og:url\" content=\"https:\/\/www.rdcourses.fr\/index.php\/stockage\/\" \/>\n<meta property=\"og:site_name\" content=\"RD Courses\" \/>\n<meta property=\"article:modified_time\" content=\"2025-06-27T13:29:09+00:00\" \/>\n<meta property=\"og:image\" content=\"https:\/\/www.rdcourses.fr\/wp-content\/uploads\/2023\/11\/stockage-1-239x300.jpg\" \/>\n<meta name=\"twitter:card\" content=\"summary_large_image\" \/>\n<meta name=\"twitter:label1\" content=\"Dur\u00e9e de lecture estim\u00e9e\" \/>\n\t<meta name=\"twitter:data1\" content=\"1 minute\" \/>\n<script type=\"application\/ld+json\" class=\"yoast-schema-graph\">{\"@context\":\"https:\/\/schema.org\",\"@graph\":[{\"@type\":\"WebPage\",\"@id\":\"https:\/\/www.rdcourses.fr\/index.php\/stockage\/\",\"url\":\"https:\/\/www.rdcourses.fr\/index.php\/stockage\/\",\"name\":\"Stockage - RD Courses\",\"isPartOf\":{\"@id\":\"https:\/\/www.rdcourses.fr\/#website\"},\"primaryImageOfPage\":{\"@id\":\"https:\/\/www.rdcourses.fr\/index.php\/stockage\/#primaryimage\"},\"image\":{\"@id\":\"https:\/\/www.rdcourses.fr\/index.php\/stockage\/#primaryimage\"},\"thumbnailUrl\":\"https:\/\/www.rdcourses.fr\/wp-content\/uploads\/2023\/11\/stockage-1-239x300.jpg\",\"datePublished\":\"2023-11-22T14:29:49+00:00\",\"dateModified\":\"2025-06-27T13:29:09+00:00\",\"breadcrumb\":{\"@id\":\"https:\/\/www.rdcourses.fr\/index.php\/stockage\/#breadcrumb\"},\"inLanguage\":\"fr-FR\",\"potentialAction\":[{\"@type\":\"ReadAction\",\"target\":[\"https:\/\/www.rdcourses.fr\/index.php\/stockage\/\"]}]},{\"@type\":\"ImageObject\",\"inLanguage\":\"fr-FR\",\"@id\":\"https:\/\/www.rdcourses.fr\/index.php\/stockage\/#primaryimage\",\"url\":\"https:\/\/www.rdcourses.fr\/wp-content\/uploads\/2023\/11\/stockage-1-scaled.jpg\",\"contentUrl\":\"https:\/\/www.rdcourses.fr\/wp-content\/uploads\/2023\/11\/stockage-1-scaled.jpg\",\"width\":2036,\"height\":2560},{\"@type\":\"BreadcrumbList\",\"@id\":\"https:\/\/www.rdcourses.fr\/index.php\/stockage\/#breadcrumb\",\"itemListElement\":[{\"@type\":\"ListItem\",\"position\":1,\"name\":\"Accueil\",\"item\":\"https:\/\/www.rdcourses.fr\/\"},{\"@type\":\"ListItem\",\"position\":2,\"name\":\"Stockage\"}]},{\"@type\":\"WebSite\",\"@id\":\"https:\/\/www.rdcourses.fr\/#website\",\"url\":\"https:\/\/www.rdcourses.fr\/\",\"name\":\"RD Courses\",\"description\":\"Votre transporteur Toulousain\",\"publisher\":{\"@id\":\"https:\/\/www.rdcourses.fr\/#organization\"},\"potentialAction\":[{\"@type\":\"SearchAction\",\"target\":{\"@type\":\"EntryPoint\",\"urlTemplate\":\"https:\/\/www.rdcourses.fr\/?s={search_term_string}\"},\"query-input\":{\"@type\":\"PropertyValueSpecification\",\"valueRequired\":true,\"valueName\":\"search_term_string\"}}],\"inLanguage\":\"fr-FR\"},{\"@type\":\"Organization\",\"@id\":\"https:\/\/www.rdcourses.fr\/#organization\",\"name\":\"RD Courses\",\"url\":\"https:\/\/www.rdcourses.fr\/\",\"logo\":{\"@type\":\"ImageObject\",\"inLanguage\":\"fr-FR\",\"@id\":\"https:\/\/www.rdcourses.fr\/#\/schema\/logo\/image\/\",\"url\":\"https:\/\/www.rdcourses.fr\/wp-content\/uploads\/2022\/05\/logo.png\",\"contentUrl\":\"https:\/\/www.rdcourses.fr\/wp-content\/uploads\/2022\/05\/logo.png\",\"width\":278,\"height\":228,\"caption\":\"RD Courses\"},\"image\":{\"@id\":\"https:\/\/www.rdcourses.fr\/#\/schema\/logo\/image\/\"}}]}<\/script>\n<!-- \/ Yoast SEO plugin. -->","yoast_head_json":{"title":"Stockage - RD Courses","robots":{"index":"index","follow":"follow","max-snippet":"max-snippet:-1","max-image-preview":"max-image-preview:large","max-video-preview":"max-video-preview:-1"},"canonical":"https:\/\/www.rdcourses.fr\/index.php\/stockage\/","og_locale":"fr_FR","og_type":"article","og_title":"Stockage - RD Courses","og_description":"Nous disposons d\u2019un d\u00e9p\u00f4t de 600 m\u00b2 pour r\u00e9pondre \u00e0 vos besoins, qu&rsquo;ils soient ponctuels ou en espace de stockage d\u00e9di\u00e9 aux cuisines professionnelles, quelle que soit la dur\u00e9e. Le site est \u00e9quip\u00e9 d\u2019un acc\u00e8s pour poids lourds ainsi que d\u2019un quai niveleur pour faciliter le chargement et le d\u00e9chargement.","og_url":"https:\/\/www.rdcourses.fr\/index.php\/stockage\/","og_site_name":"RD Courses","article_modified_time":"2025-06-27T13:29:09+00:00","og_image":[{"url":"https:\/\/www.rdcourses.fr\/wp-content\/uploads\/2023\/11\/stockage-1-239x300.jpg","type":"","width":"","height":""}],"twitter_card":"summary_large_image","twitter_misc":{"Dur\u00e9e de lecture estim\u00e9e":"1 minute"},"schema":{"@context":"https:\/\/schema.org","@graph":[{"@type":"WebPage","@id":"https:\/\/www.rdcourses.fr\/index.php\/stockage\/","url":"https:\/\/www.rdcourses.fr\/index.php\/stockage\/","name":"Stockage - RD Courses","isPartOf":{"@id":"https:\/\/www.rdcourses.fr\/#website"},"primaryImageOfPage":{"@id":"https:\/\/www.rdcourses.fr\/index.php\/stockage\/#primaryimage"},"image":{"@id":"https:\/\/www.rdcourses.fr\/index.php\/stockage\/#primaryimage"},"thumbnailUrl":"https:\/\/www.rdcourses.fr\/wp-content\/uploads\/2023\/11\/stockage-1-239x300.jpg","datePublished":"2023-11-22T14:29:49+00:00","dateModified":"2025-06-27T13:29:09+00:00","breadcrumb":{"@id":"https:\/\/www.rdcourses.fr\/index.php\/stockage\/#breadcrumb"},"inLanguage":"fr-FR","potentialAction":[{"@type":"ReadAction","target":["https:\/\/www.rdcourses.fr\/index.php\/stockage\/"]}]},{"@type":"ImageObject","inLanguage":"fr-FR","@id":"https:\/\/www.rdcourses.fr\/index.php\/stockage\/#primaryimage","url":"https:\/\/www.rdcourses.fr\/wp-content\/uploads\/2023\/11\/stockage-1-scaled.jpg","contentUrl":"https:\/\/www.rdcourses.fr\/wp-content\/uploads\/2023\/11\/stockage-1-scaled.jpg","width":2036,"height":2560},{"@type":"BreadcrumbList","@id":"https:\/\/www.rdcourses.fr\/index.php\/stockage\/#breadcrumb","itemListElement":[{"@type":"ListItem","position":1,"name":"Accueil","item":"https:\/\/www.rdcourses.fr\/"},{"@type":"ListItem","position":2,"name":"Stockage"}]},{"@type":"WebSite","@id":"https:\/\/www.rdcourses.fr\/#website","url":"https:\/\/www.rdcourses.fr\/","name":"RD Courses","description":"Votre transporteur Toulousain","publisher":{"@id":"https:\/\/www.rdcourses.fr\/#organization"},"potentialAction":[{"@type":"SearchAction","target":{"@type":"EntryPoint","urlTemplate":"https:\/\/www.rdcourses.fr\/?s={search_term_string}"},"query-input":{"@type":"PropertyValueSpecification","valueRequired":true,"valueName":"search_term_string"}}],"inLanguage":"fr-FR"},{"@type":"Organization","@id":"https:\/\/www.rdcourses.fr\/#organization","name":"RD Courses","url":"https:\/\/www.rdcourses.fr\/","logo":{"@type":"ImageObject","inLanguage":"fr-FR","@id":"https:\/\/www.rdcourses.fr\/#\/schema\/logo\/image\/","url":"https:\/\/www.rdcourses.fr\/wp-content\/uploads\/2022\/05\/logo.png","contentUrl":"https:\/\/www.rdcourses.fr\/wp-content\/uploads\/2022\/05\/logo.png","width":278,"height":228,"caption":"RD Courses"},"image":{"@id":"https:\/\/www.rdcourses.fr\/#\/schema\/logo\/image\/"}}]}},"_links":{"self":[{"href":"https:\/\/www.rdcourses.fr\/index.php\/wp-json\/wp\/v2\/pages\/407","targetHints":{"allow":["GET"]}}],"collection":[{"href":"https:\/\/www.rdcourses.fr\/index.php\/wp-json\/wp\/v2\/pages"}],"about":[{"href":"https:\/\/www.rdcourses.fr\/index.php\/wp-json\/wp\/v2\/types\/page"}],"author":[{"embeddable":true,"href":"https:\/\/www.rdcourses.fr\/index.php\/wp-json\/wp\/v2\/users\/1"}],"replies":[{"embeddable":true,"href":"https:\/\/www.rdcourses.fr\/index.php\/wp-json\/wp\/v2\/comments?post=407"}],"version-history":[{"count":14,"href":"https:\/\/www.rdcourses.fr\/index.php\/wp-json\/wp\/v2\/pages\/407\/revisions"}],"predecessor-version":[{"id":473,"href":"https:\/\/www.rdcourses.fr\/index.php\/wp-json\/wp\/v2\/pages\/407\/revisions\/473"}],"wp:attachment":[{"href":"https:\/\/www.rdcourses.fr\/index.php\/wp-json\/wp\/v2\/media?parent=407"}],"curies":[{"name":"wp","href":"https:\/\/api.w.org\/{rel}","templated":true}]}}