{"id":405,"date":"2023-11-22T15:29:19","date_gmt":"2023-11-22T14:29:19","guid":{"rendered":"https:\/\/www.rdcourses.fr\/?page_id=405"},"modified":"2025-06-27T15:00:41","modified_gmt":"2025-06-27T13:00:41","slug":"messagerie","status":"publish","type":"page","link":"https:\/\/www.rdcourses.fr\/index.php\/messagerie\/","title":{"rendered":"Messagerie"},"content":{"rendered":"\t\t<div data-elementor-type=\"wp-page\" data-elementor-id=\"405\" class=\"elementor elementor-405\">\n\t\t\t\t<div class=\"elementor-element elementor-element-4548b00b e-flex e-con-boxed e-con e-parent\" data-id=\"4548b00b\" data-element_type=\"container\" data-e-type=\"container\">\n\t\t\t\t\t<div class=\"e-con-inner\">\n\t\t\t\t<div class=\"elementor-element elementor-element-7134da3 elementor-widget elementor-widget-text-editor\" data-id=\"7134da3\" data-element_type=\"widget\" data-e-type=\"widget\" data-widget_type=\"text-editor.default\">\n\t\t\t\t<div class=\"elementor-widget-container\">\n\t\t\t\t\t\t\t\t\t<p data-start=\"63\" data-end=\"128\"><strong data-start=\"63\" data-end=\"128\">Tourn\u00e9es hebdomadaires r\u00e9guli\u00e8res dans la r\u00e9gion toulousaine.<\/strong><\/p>\n<p>\u00a0<\/p>\n<p data-start=\"130\" data-end=\"421\">Nous disposons de <strong data-start=\"148\" data-end=\"169\">10 camions d\u00e9di\u00e9s<\/strong>, dont plusieurs \u00e9quip\u00e9s de carrosseries <strong data-start=\"210\" data-end=\"225\">\u00ab Solight \u00bb<\/strong>, plus l\u00e9g\u00e8res, permettant une <strong data-start=\"256\" data-end=\"291\">augmentation de la charge utile<\/strong>. Un <strong data-start=\"296\" data-end=\"317\">camion \u00e9lectrique<\/strong> est \u00e9galement d\u00e9di\u00e9 aux <strong data-start=\"342\" data-end=\"372\">livraisons en centre-ville<\/strong>, pour une logistique plus propre et silencieuse.<\/p>\t\t\t\t\t\t\t\t<\/div>\n\t\t\t\t<\/div>\n\t\t\t\t\t<\/div>\n\t\t\t\t<\/div>\n\t\t<div class=\"elementor-element elementor-element-885eb82 e-flex e-con-boxed e-con e-parent\" data-id=\"885eb82\" data-element_type=\"container\" data-e-type=\"container\">\n\t\t\t\t\t<div class=\"e-con-inner\">\n\t\t\t\t<div class=\"elementor-element elementor-element-a1c76c9 elementor-widget elementor-widget-image\" data-id=\"a1c76c9\" data-element_type=\"widget\" data-e-type=\"widget\" data-widget_type=\"image.default\">\n\t\t\t\t<div class=\"elementor-widget-container\">\n\t\t\t\t\t\t\t\t\t\t\t\t\t\t\t<img fetchpriority=\"high\" decoding=\"async\" width=\"740\" height=\"494\" src=\"https:\/\/www.rdcourses.fr\/wp-content\/uploads\/2025\/06\/ChatGPT-Image-27-juin-2025-14_49_37-1024x683.png\" class=\"attachment-large size-large wp-image-457\" alt=\"\" srcset=\"https:\/\/www.rdcourses.fr\/wp-content\/uploads\/2025\/06\/ChatGPT-Image-27-juin-2025-14_49_37-1024x683.png 1024w, https:\/\/www.rdcourses.fr\/wp-content\/uploads\/2025\/06\/ChatGPT-Image-27-juin-2025-14_49_37-300x200.png 300w, https:\/\/www.rdcourses.fr\/wp-content\/uploads\/2025\/06\/ChatGPT-Image-27-juin-2025-14_49_37-768x512.png 768w, https:\/\/www.rdcourses.fr\/wp-content\/uploads\/2025\/06\/ChatGPT-Image-27-juin-2025-14_49_37.png 1536w\" sizes=\"100vw\" \/>\t\t\t\t\t\t\t\t\t\t\t\t\t\t\t<\/div>\n\t\t\t\t<\/div>\n\t\t\t\t\t<\/div>\n\t\t\t\t<\/div>\n\t\t\t\t<\/div>\n\t\t","protected":false},"excerpt":{"rendered":"<p>Tourn\u00e9es hebdomadaires r\u00e9guli\u00e8res dans la r\u00e9gion toulousaine. \u00a0 Nous disposons de 10 camions d\u00e9di\u00e9s, dont plusieurs \u00e9quip\u00e9s de carrosseries \u00ab Solight \u00bb, plus l\u00e9g\u00e8res, permettant une augmentation de la charge utile. Un camion \u00e9lectrique est \u00e9galement d\u00e9di\u00e9 aux livraisons en centre-ville, pour une logistique plus propre et silencieuse.<\/p>\n","protected":false},"author":1,"featured_media":0,"parent":0,"menu_order":0,"comment_status":"closed","ping_status":"closed","template":"","meta":{"footnotes":""},"class_list":["post-405","page","type-page","status-publish","hentry"],"yoast_head":"<!-- This site is optimized with the Yoast SEO plugin v27.1 - https:\/\/yoast.com\/product\/yoast-seo-wordpress\/ -->\n<title>Messagerie - RD Courses<\/title>\n<meta name=\"robots\" content=\"index, follow, max-snippet:-1, max-image-preview:large, max-video-preview:-1\" \/>\n<link rel=\"canonical\" href=\"https:\/\/www.rdcourses.fr\/index.php\/messagerie\/\" \/>\n<meta property=\"og:locale\" content=\"fr_FR\" \/>\n<meta property=\"og:type\" content=\"article\" \/>\n<meta property=\"og:title\" content=\"Messagerie - RD Courses\" \/>\n<meta property=\"og:description\" content=\"Tourn\u00e9es hebdomadaires r\u00e9guli\u00e8res dans la r\u00e9gion toulousaine. \u00a0 Nous disposons de 10 camions d\u00e9di\u00e9s, dont plusieurs \u00e9quip\u00e9s de carrosseries \u00ab Solight \u00bb, plus l\u00e9g\u00e8res, permettant une augmentation de la charge utile. Un camion \u00e9lectrique est \u00e9galement d\u00e9di\u00e9 aux livraisons en centre-ville, pour une logistique plus propre et silencieuse.\" \/>\n<meta property=\"og:url\" content=\"https:\/\/www.rdcourses.fr\/index.php\/messagerie\/\" \/>\n<meta property=\"og:site_name\" content=\"RD Courses\" \/>\n<meta property=\"article:modified_time\" content=\"2025-06-27T13:00:41+00:00\" \/>\n<meta property=\"og:image\" content=\"https:\/\/www.rdcourses.fr\/wp-content\/uploads\/2025\/06\/ChatGPT-Image-27-juin-2025-14_49_37-1024x683.png\" \/>\n<meta name=\"twitter:card\" content=\"summary_large_image\" \/>\n<script type=\"application\/ld+json\" class=\"yoast-schema-graph\">{\"@context\":\"https:\/\/schema.org\",\"@graph\":[{\"@type\":\"WebPage\",\"@id\":\"https:\/\/www.rdcourses.fr\/index.php\/messagerie\/\",\"url\":\"https:\/\/www.rdcourses.fr\/index.php\/messagerie\/\",\"name\":\"Messagerie - RD Courses\",\"isPartOf\":{\"@id\":\"https:\/\/www.rdcourses.fr\/#website\"},\"primaryImageOfPage\":{\"@id\":\"https:\/\/www.rdcourses.fr\/index.php\/messagerie\/#primaryimage\"},\"image\":{\"@id\":\"https:\/\/www.rdcourses.fr\/index.php\/messagerie\/#primaryimage\"},\"thumbnailUrl\":\"https:\/\/www.rdcourses.fr\/wp-content\/uploads\/2025\/06\/ChatGPT-Image-27-juin-2025-14_49_37-1024x683.png\",\"datePublished\":\"2023-11-22T14:29:19+00:00\",\"dateModified\":\"2025-06-27T13:00:41+00:00\",\"breadcrumb\":{\"@id\":\"https:\/\/www.rdcourses.fr\/index.php\/messagerie\/#breadcrumb\"},\"inLanguage\":\"fr-FR\",\"potentialAction\":[{\"@type\":\"ReadAction\",\"target\":[\"https:\/\/www.rdcourses.fr\/index.php\/messagerie\/\"]}]},{\"@type\":\"ImageObject\",\"inLanguage\":\"fr-FR\",\"@id\":\"https:\/\/www.rdcourses.fr\/index.php\/messagerie\/#primaryimage\",\"url\":\"https:\/\/www.rdcourses.fr\/wp-content\/uploads\/2025\/06\/ChatGPT-Image-27-juin-2025-14_49_37.png\",\"contentUrl\":\"https:\/\/www.rdcourses.fr\/wp-content\/uploads\/2025\/06\/ChatGPT-Image-27-juin-2025-14_49_37.png\",\"width\":1536,\"height\":1024},{\"@type\":\"BreadcrumbList\",\"@id\":\"https:\/\/www.rdcourses.fr\/index.php\/messagerie\/#breadcrumb\",\"itemListElement\":[{\"@type\":\"ListItem\",\"position\":1,\"name\":\"Accueil\",\"item\":\"https:\/\/www.rdcourses.fr\/\"},{\"@type\":\"ListItem\",\"position\":2,\"name\":\"Messagerie\"}]},{\"@type\":\"WebSite\",\"@id\":\"https:\/\/www.rdcourses.fr\/#website\",\"url\":\"https:\/\/www.rdcourses.fr\/\",\"name\":\"RD Courses\",\"description\":\"Votre transporteur Toulousain\",\"publisher\":{\"@id\":\"https:\/\/www.rdcourses.fr\/#organization\"},\"potentialAction\":[{\"@type\":\"SearchAction\",\"target\":{\"@type\":\"EntryPoint\",\"urlTemplate\":\"https:\/\/www.rdcourses.fr\/?s={search_term_string}\"},\"query-input\":{\"@type\":\"PropertyValueSpecification\",\"valueRequired\":true,\"valueName\":\"search_term_string\"}}],\"inLanguage\":\"fr-FR\"},{\"@type\":\"Organization\",\"@id\":\"https:\/\/www.rdcourses.fr\/#organization\",\"name\":\"RD Courses\",\"url\":\"https:\/\/www.rdcourses.fr\/\",\"logo\":{\"@type\":\"ImageObject\",\"inLanguage\":\"fr-FR\",\"@id\":\"https:\/\/www.rdcourses.fr\/#\/schema\/logo\/image\/\",\"url\":\"https:\/\/www.rdcourses.fr\/wp-content\/uploads\/2022\/05\/logo.png\",\"contentUrl\":\"https:\/\/www.rdcourses.fr\/wp-content\/uploads\/2022\/05\/logo.png\",\"width\":278,\"height\":228,\"caption\":\"RD Courses\"},\"image\":{\"@id\":\"https:\/\/www.rdcourses.fr\/#\/schema\/logo\/image\/\"}}]}<\/script>\n<!-- \/ Yoast SEO plugin. -->","yoast_head_json":{"title":"Messagerie - RD Courses","robots":{"index":"index","follow":"follow","max-snippet":"max-snippet:-1","max-image-preview":"max-image-preview:large","max-video-preview":"max-video-preview:-1"},"canonical":"https:\/\/www.rdcourses.fr\/index.php\/messagerie\/","og_locale":"fr_FR","og_type":"article","og_title":"Messagerie - RD Courses","og_description":"Tourn\u00e9es hebdomadaires r\u00e9guli\u00e8res dans la r\u00e9gion toulousaine. \u00a0 Nous disposons de 10 camions d\u00e9di\u00e9s, dont plusieurs \u00e9quip\u00e9s de carrosseries \u00ab Solight \u00bb, plus l\u00e9g\u00e8res, permettant une augmentation de la charge utile. Un camion \u00e9lectrique est \u00e9galement d\u00e9di\u00e9 aux livraisons en centre-ville, pour une logistique plus propre et silencieuse.","og_url":"https:\/\/www.rdcourses.fr\/index.php\/messagerie\/","og_site_name":"RD Courses","article_modified_time":"2025-06-27T13:00:41+00:00","og_image":[{"url":"https:\/\/www.rdcourses.fr\/wp-content\/uploads\/2025\/06\/ChatGPT-Image-27-juin-2025-14_49_37-1024x683.png","type":"","width":"","height":""}],"twitter_card":"summary_large_image","schema":{"@context":"https:\/\/schema.org","@graph":[{"@type":"WebPage","@id":"https:\/\/www.rdcourses.fr\/index.php\/messagerie\/","url":"https:\/\/www.rdcourses.fr\/index.php\/messagerie\/","name":"Messagerie - RD Courses","isPartOf":{"@id":"https:\/\/www.rdcourses.fr\/#website"},"primaryImageOfPage":{"@id":"https:\/\/www.rdcourses.fr\/index.php\/messagerie\/#primaryimage"},"image":{"@id":"https:\/\/www.rdcourses.fr\/index.php\/messagerie\/#primaryimage"},"thumbnailUrl":"https:\/\/www.rdcourses.fr\/wp-content\/uploads\/2025\/06\/ChatGPT-Image-27-juin-2025-14_49_37-1024x683.png","datePublished":"2023-11-22T14:29:19+00:00","dateModified":"2025-06-27T13:00:41+00:00","breadcrumb":{"@id":"https:\/\/www.rdcourses.fr\/index.php\/messagerie\/#breadcrumb"},"inLanguage":"fr-FR","potentialAction":[{"@type":"ReadAction","target":["https:\/\/www.rdcourses.fr\/index.php\/messagerie\/"]}]},{"@type":"ImageObject","inLanguage":"fr-FR","@id":"https:\/\/www.rdcourses.fr\/index.php\/messagerie\/#primaryimage","url":"https:\/\/www.rdcourses.fr\/wp-content\/uploads\/2025\/06\/ChatGPT-Image-27-juin-2025-14_49_37.png","contentUrl":"https:\/\/www.rdcourses.fr\/wp-content\/uploads\/2025\/06\/ChatGPT-Image-27-juin-2025-14_49_37.png","width":1536,"height":1024},{"@type":"BreadcrumbList","@id":"https:\/\/www.rdcourses.fr\/index.php\/messagerie\/#breadcrumb","itemListElement":[{"@type":"ListItem","position":1,"name":"Accueil","item":"https:\/\/www.rdcourses.fr\/"},{"@type":"ListItem","position":2,"name":"Messagerie"}]},{"@type":"WebSite","@id":"https:\/\/www.rdcourses.fr\/#website","url":"https:\/\/www.rdcourses.fr\/","name":"RD Courses","description":"Votre transporteur Toulousain","publisher":{"@id":"https:\/\/www.rdcourses.fr\/#organization"},"potentialAction":[{"@type":"SearchAction","target":{"@type":"EntryPoint","urlTemplate":"https:\/\/www.rdcourses.fr\/?s={search_term_string}"},"query-input":{"@type":"PropertyValueSpecification","valueRequired":true,"valueName":"search_term_string"}}],"inLanguage":"fr-FR"},{"@type":"Organization","@id":"https:\/\/www.rdcourses.fr\/#organization","name":"RD Courses","url":"https:\/\/www.rdcourses.fr\/","logo":{"@type":"ImageObject","inLanguage":"fr-FR","@id":"https:\/\/www.rdcourses.fr\/#\/schema\/logo\/image\/","url":"https:\/\/www.rdcourses.fr\/wp-content\/uploads\/2022\/05\/logo.png","contentUrl":"https:\/\/www.rdcourses.fr\/wp-content\/uploads\/2022\/05\/logo.png","width":278,"height":228,"caption":"RD Courses"},"image":{"@id":"https:\/\/www.rdcourses.fr\/#\/schema\/logo\/image\/"}}]}},"_links":{"self":[{"href":"https:\/\/www.rdcourses.fr\/index.php\/wp-json\/wp\/v2\/pages\/405","targetHints":{"allow":["GET"]}}],"collection":[{"href":"https:\/\/www.rdcourses.fr\/index.php\/wp-json\/wp\/v2\/pages"}],"about":[{"href":"https:\/\/www.rdcourses.fr\/index.php\/wp-json\/wp\/v2\/types\/page"}],"author":[{"embeddable":true,"href":"https:\/\/www.rdcourses.fr\/index.php\/wp-json\/wp\/v2\/users\/1"}],"replies":[{"embeddable":true,"href":"https:\/\/www.rdcourses.fr\/index.php\/wp-json\/wp\/v2\/comments?post=405"}],"version-history":[{"count":8,"href":"https:\/\/www.rdcourses.fr\/index.php\/wp-json\/wp\/v2\/pages\/405\/revisions"}],"predecessor-version":[{"id":460,"href":"https:\/\/www.rdcourses.fr\/index.php\/wp-json\/wp\/v2\/pages\/405\/revisions\/460"}],"wp:attachment":[{"href":"https:\/\/www.rdcourses.fr\/index.php\/wp-json\/wp\/v2\/media?parent=405"}],"curies":[{"name":"wp","href":"https:\/\/api.w.org\/{rel}","templated":true}]}}