{"id":403,"date":"2023-11-22T15:28:29","date_gmt":"2023-11-22T14:28:29","guid":{"rendered":"https:\/\/www.rdcourses.fr\/?page_id=403"},"modified":"2025-06-27T14:36:39","modified_gmt":"2025-06-27T12:36:39","slug":"courses","status":"publish","type":"page","link":"https:\/\/www.rdcourses.fr\/index.php\/courses\/","title":{"rendered":"Courses"},"content":{"rendered":"\t\t<div data-elementor-type=\"wp-page\" data-elementor-id=\"403\" class=\"elementor elementor-403\">\n\t\t\t\t<div class=\"elementor-element elementor-element-4c901abd e-flex e-con-boxed e-con e-parent\" data-id=\"4c901abd\" data-element_type=\"container\" data-e-type=\"container\">\n\t\t\t\t\t<div class=\"e-con-inner\">\n\t\t\t\t<div class=\"elementor-element elementor-element-1960e1d elementor-widget elementor-widget-text-editor\" data-id=\"1960e1d\" data-element_type=\"widget\" data-e-type=\"widget\" data-widget_type=\"text-editor.default\">\n\t\t\t\t<div class=\"elementor-widget-container\">\n\t\t\t\t\t\t\t\t\t<p data-start=\"116\" data-end=\"176\"><strong data-start=\"116\" data-end=\"176\">Livraisons express 24h\/24 en France et \u00e0 l\u2019international<\/strong><\/p>\n<p data-start=\"178\" data-end=\"276\">Nous assurons des livraisons rapides et fiables partout en France et \u00e0 l\u2019\u00e9tranger.<\/p>\n<p data-start=\"278\" data-end=\"311\"><strong data-start=\"278\" data-end=\"309\">Notre flotte de v\u00e9hicules :<\/strong><\/p>\n<ul data-start=\"312\" data-end=\"434\">\n<li data-start=\"312\" data-end=\"374\">\n<p data-start=\"314\" data-end=\"374\">23 camions de 20 m\u00b3 d\u00e9di\u00e9s, dont 5 semi-b\u00e2ch\u00e9s<\/p>\n<\/li>\n<li data-start=\"375\" data-end=\"398\">\n<p data-start=\"377\" data-end=\"398\">2 fourgons de 10 m\u00b3<\/p>\n<\/li>\n<li data-start=\"399\" data-end=\"434\">\n<p data-start=\"401\" data-end=\"434\">2 v\u00e9hicules utilitaires de 2 m\u00b3<\/p>\n<\/li>\n<\/ul>\n<p data-start=\"436\" data-end=\"551\">Tous nos v\u00e9hicules sont \u00e9quip\u00e9s de hayons \u00e9l\u00e9vateurs, de diables et de transpalettes pour une manutention optimale.<\/p>\n<p data-start=\"553\" data-end=\"667\"><strong data-start=\"553\" data-end=\"577\">Nos moyens humains :<\/strong><br data-start=\"577\" data-end=\"580\" \/>3 manutentionnaires qualifi\u00e9s sont disponibles pour r\u00e9pondre \u00e0 vos besoins sp\u00e9cifiques.<\/p>\n<p data-start=\"669\" data-end=\"727\"><strong data-start=\"669\" data-end=\"713\">Nous livrons tous types de marchandises,<\/strong> notamment :<\/p>\n<p>\u00a0<\/p>\n<ul data-start=\"728\" data-end=\"854\">\n<li data-start=\"728\" data-end=\"788\">\n<p data-start=\"730\" data-end=\"788\">Palettes jusqu\u2019\u00e0 4.30 m\u00e8tres de long et 2,40 m\u00e8tres de haut<\/p>\n<\/li>\n<li data-start=\"789\" data-end=\"810\">\n<p data-start=\"791\" data-end=\"810\">Cuisines \u00e9quip\u00e9es<\/p>\n<\/li>\n<li data-start=\"811\" data-end=\"854\">\n<p data-start=\"813\" data-end=\"854\">\u00c9lectrom\u00e9nager et autres colis volumineux<\/p>\n<\/li>\n<\/ul>\t\t\t\t\t\t\t\t<\/div>\n\t\t\t\t<\/div>\n\t\t\t\t\t<\/div>\n\t\t\t\t<\/div>\n\t\t<div class=\"elementor-element elementor-element-acc2048 e-flex e-con-boxed e-con e-parent\" data-id=\"acc2048\" data-element_type=\"container\" data-e-type=\"container\">\n\t\t\t\t\t<div class=\"e-con-inner\">\n\t\t\t\t<div class=\"elementor-element elementor-element-747f8db elementor-widget elementor-widget-image\" data-id=\"747f8db\" data-element_type=\"widget\" data-e-type=\"widget\" data-widget_type=\"image.default\">\n\t\t\t\t<div class=\"elementor-widget-container\">\n\t\t\t\t\t\t\t\t\t\t\t\t\t\t\t<img fetchpriority=\"high\" decoding=\"async\" width=\"740\" height=\"494\" src=\"https:\/\/www.rdcourses.fr\/wp-content\/uploads\/2025\/06\/ChatGPT-Image-27-juin-2025-14_35_21-1024x683.png\" class=\"attachment-large size-large wp-image-452\" alt=\"\" srcset=\"https:\/\/www.rdcourses.fr\/wp-content\/uploads\/2025\/06\/ChatGPT-Image-27-juin-2025-14_35_21-1024x683.png 1024w, https:\/\/www.rdcourses.fr\/wp-content\/uploads\/2025\/06\/ChatGPT-Image-27-juin-2025-14_35_21-300x200.png 300w, https:\/\/www.rdcourses.fr\/wp-content\/uploads\/2025\/06\/ChatGPT-Image-27-juin-2025-14_35_21-768x512.png 768w, https:\/\/www.rdcourses.fr\/wp-content\/uploads\/2025\/06\/ChatGPT-Image-27-juin-2025-14_35_21.png 1536w\" sizes=\"100vw\" \/>\t\t\t\t\t\t\t\t\t\t\t\t\t\t\t<\/div>\n\t\t\t\t<\/div>\n\t\t\t\t\t<\/div>\n\t\t\t\t<\/div>\n\t\t\t\t<\/div>\n\t\t","protected":false},"excerpt":{"rendered":"<p>Livraisons express 24h\/24 en France et \u00e0 l\u2019international Nous assurons des livraisons rapides et fiables partout en France et \u00e0 l\u2019\u00e9tranger. Notre flotte de v\u00e9hicules : 23 camions de 20 m\u00b3 d\u00e9di\u00e9s, dont 5 semi-b\u00e2ch\u00e9s 2 fourgons de 10 m\u00b3 2 v\u00e9hicules utilitaires de 2 m\u00b3 Tous nos v\u00e9hicules sont \u00e9quip\u00e9s de hayons \u00e9l\u00e9vateurs, de &hellip; <\/p>\n<p class=\"link-more\"><a href=\"https:\/\/www.rdcourses.fr\/index.php\/courses\/\" class=\"more-link\">Continuer la lecture<span class=\"screen-reader-text\"> de &laquo;&nbsp;Courses&nbsp;&raquo;<\/span><\/a><\/p>\n","protected":false},"author":1,"featured_media":0,"parent":0,"menu_order":0,"comment_status":"closed","ping_status":"closed","template":"","meta":{"footnotes":""},"class_list":["post-403","page","type-page","status-publish","hentry"],"yoast_head":"<!-- This site is optimized with the Yoast SEO plugin v27.1 - https:\/\/yoast.com\/product\/yoast-seo-wordpress\/ -->\n<title>Courses - RD Courses<\/title>\n<meta name=\"robots\" content=\"index, follow, max-snippet:-1, max-image-preview:large, max-video-preview:-1\" \/>\n<link rel=\"canonical\" href=\"https:\/\/www.rdcourses.fr\/index.php\/courses\/\" \/>\n<meta property=\"og:locale\" content=\"fr_FR\" \/>\n<meta property=\"og:type\" content=\"article\" \/>\n<meta property=\"og:title\" content=\"Courses - RD Courses\" \/>\n<meta property=\"og:description\" content=\"Livraisons express 24h\/24 en France et \u00e0 l\u2019international Nous assurons des livraisons rapides et fiables partout en France et \u00e0 l\u2019\u00e9tranger. Notre flotte de v\u00e9hicules : 23 camions de 20 m\u00b3 d\u00e9di\u00e9s, dont 5 semi-b\u00e2ch\u00e9s 2 fourgons de 10 m\u00b3 2 v\u00e9hicules utilitaires de 2 m\u00b3 Tous nos v\u00e9hicules sont \u00e9quip\u00e9s de hayons \u00e9l\u00e9vateurs, de &hellip; Continuer la lecture de &laquo;&nbsp;Courses&nbsp;&raquo;\" \/>\n<meta property=\"og:url\" content=\"https:\/\/www.rdcourses.fr\/index.php\/courses\/\" \/>\n<meta property=\"og:site_name\" content=\"RD Courses\" \/>\n<meta property=\"article:modified_time\" content=\"2025-06-27T12:36:39+00:00\" \/>\n<meta property=\"og:image\" content=\"https:\/\/www.rdcourses.fr\/wp-content\/uploads\/2025\/06\/ChatGPT-Image-27-juin-2025-14_35_21-1024x683.png\" \/>\n<meta name=\"twitter:card\" content=\"summary_large_image\" \/>\n<meta name=\"twitter:label1\" content=\"Dur\u00e9e de lecture estim\u00e9e\" \/>\n\t<meta name=\"twitter:data1\" content=\"1 minute\" \/>\n<script type=\"application\/ld+json\" class=\"yoast-schema-graph\">{\"@context\":\"https:\/\/schema.org\",\"@graph\":[{\"@type\":\"WebPage\",\"@id\":\"https:\/\/www.rdcourses.fr\/index.php\/courses\/\",\"url\":\"https:\/\/www.rdcourses.fr\/index.php\/courses\/\",\"name\":\"Courses - RD Courses\",\"isPartOf\":{\"@id\":\"https:\/\/www.rdcourses.fr\/#website\"},\"primaryImageOfPage\":{\"@id\":\"https:\/\/www.rdcourses.fr\/index.php\/courses\/#primaryimage\"},\"image\":{\"@id\":\"https:\/\/www.rdcourses.fr\/index.php\/courses\/#primaryimage\"},\"thumbnailUrl\":\"https:\/\/www.rdcourses.fr\/wp-content\/uploads\/2025\/06\/ChatGPT-Image-27-juin-2025-14_35_21-1024x683.png\",\"datePublished\":\"2023-11-22T14:28:29+00:00\",\"dateModified\":\"2025-06-27T12:36:39+00:00\",\"breadcrumb\":{\"@id\":\"https:\/\/www.rdcourses.fr\/index.php\/courses\/#breadcrumb\"},\"inLanguage\":\"fr-FR\",\"potentialAction\":[{\"@type\":\"ReadAction\",\"target\":[\"https:\/\/www.rdcourses.fr\/index.php\/courses\/\"]}]},{\"@type\":\"ImageObject\",\"inLanguage\":\"fr-FR\",\"@id\":\"https:\/\/www.rdcourses.fr\/index.php\/courses\/#primaryimage\",\"url\":\"https:\/\/www.rdcourses.fr\/wp-content\/uploads\/2025\/06\/ChatGPT-Image-27-juin-2025-14_35_21.png\",\"contentUrl\":\"https:\/\/www.rdcourses.fr\/wp-content\/uploads\/2025\/06\/ChatGPT-Image-27-juin-2025-14_35_21.png\",\"width\":1536,\"height\":1024},{\"@type\":\"BreadcrumbList\",\"@id\":\"https:\/\/www.rdcourses.fr\/index.php\/courses\/#breadcrumb\",\"itemListElement\":[{\"@type\":\"ListItem\",\"position\":1,\"name\":\"Accueil\",\"item\":\"https:\/\/www.rdcourses.fr\/\"},{\"@type\":\"ListItem\",\"position\":2,\"name\":\"Courses\"}]},{\"@type\":\"WebSite\",\"@id\":\"https:\/\/www.rdcourses.fr\/#website\",\"url\":\"https:\/\/www.rdcourses.fr\/\",\"name\":\"RD Courses\",\"description\":\"Votre transporteur Toulousain\",\"publisher\":{\"@id\":\"https:\/\/www.rdcourses.fr\/#organization\"},\"potentialAction\":[{\"@type\":\"SearchAction\",\"target\":{\"@type\":\"EntryPoint\",\"urlTemplate\":\"https:\/\/www.rdcourses.fr\/?s={search_term_string}\"},\"query-input\":{\"@type\":\"PropertyValueSpecification\",\"valueRequired\":true,\"valueName\":\"search_term_string\"}}],\"inLanguage\":\"fr-FR\"},{\"@type\":\"Organization\",\"@id\":\"https:\/\/www.rdcourses.fr\/#organization\",\"name\":\"RD Courses\",\"url\":\"https:\/\/www.rdcourses.fr\/\",\"logo\":{\"@type\":\"ImageObject\",\"inLanguage\":\"fr-FR\",\"@id\":\"https:\/\/www.rdcourses.fr\/#\/schema\/logo\/image\/\",\"url\":\"https:\/\/www.rdcourses.fr\/wp-content\/uploads\/2022\/05\/logo.png\",\"contentUrl\":\"https:\/\/www.rdcourses.fr\/wp-content\/uploads\/2022\/05\/logo.png\",\"width\":278,\"height\":228,\"caption\":\"RD Courses\"},\"image\":{\"@id\":\"https:\/\/www.rdcourses.fr\/#\/schema\/logo\/image\/\"}}]}<\/script>\n<!-- \/ Yoast SEO plugin. -->","yoast_head_json":{"title":"Courses - RD Courses","robots":{"index":"index","follow":"follow","max-snippet":"max-snippet:-1","max-image-preview":"max-image-preview:large","max-video-preview":"max-video-preview:-1"},"canonical":"https:\/\/www.rdcourses.fr\/index.php\/courses\/","og_locale":"fr_FR","og_type":"article","og_title":"Courses - RD Courses","og_description":"Livraisons express 24h\/24 en France et \u00e0 l\u2019international Nous assurons des livraisons rapides et fiables partout en France et \u00e0 l\u2019\u00e9tranger. Notre flotte de v\u00e9hicules : 23 camions de 20 m\u00b3 d\u00e9di\u00e9s, dont 5 semi-b\u00e2ch\u00e9s 2 fourgons de 10 m\u00b3 2 v\u00e9hicules utilitaires de 2 m\u00b3 Tous nos v\u00e9hicules sont \u00e9quip\u00e9s de hayons \u00e9l\u00e9vateurs, de &hellip; Continuer la lecture de &laquo;&nbsp;Courses&nbsp;&raquo;","og_url":"https:\/\/www.rdcourses.fr\/index.php\/courses\/","og_site_name":"RD Courses","article_modified_time":"2025-06-27T12:36:39+00:00","og_image":[{"url":"https:\/\/www.rdcourses.fr\/wp-content\/uploads\/2025\/06\/ChatGPT-Image-27-juin-2025-14_35_21-1024x683.png","type":"","width":"","height":""}],"twitter_card":"summary_large_image","twitter_misc":{"Dur\u00e9e de lecture estim\u00e9e":"1 minute"},"schema":{"@context":"https:\/\/schema.org","@graph":[{"@type":"WebPage","@id":"https:\/\/www.rdcourses.fr\/index.php\/courses\/","url":"https:\/\/www.rdcourses.fr\/index.php\/courses\/","name":"Courses - RD Courses","isPartOf":{"@id":"https:\/\/www.rdcourses.fr\/#website"},"primaryImageOfPage":{"@id":"https:\/\/www.rdcourses.fr\/index.php\/courses\/#primaryimage"},"image":{"@id":"https:\/\/www.rdcourses.fr\/index.php\/courses\/#primaryimage"},"thumbnailUrl":"https:\/\/www.rdcourses.fr\/wp-content\/uploads\/2025\/06\/ChatGPT-Image-27-juin-2025-14_35_21-1024x683.png","datePublished":"2023-11-22T14:28:29+00:00","dateModified":"2025-06-27T12:36:39+00:00","breadcrumb":{"@id":"https:\/\/www.rdcourses.fr\/index.php\/courses\/#breadcrumb"},"inLanguage":"fr-FR","potentialAction":[{"@type":"ReadAction","target":["https:\/\/www.rdcourses.fr\/index.php\/courses\/"]}]},{"@type":"ImageObject","inLanguage":"fr-FR","@id":"https:\/\/www.rdcourses.fr\/index.php\/courses\/#primaryimage","url":"https:\/\/www.rdcourses.fr\/wp-content\/uploads\/2025\/06\/ChatGPT-Image-27-juin-2025-14_35_21.png","contentUrl":"https:\/\/www.rdcourses.fr\/wp-content\/uploads\/2025\/06\/ChatGPT-Image-27-juin-2025-14_35_21.png","width":1536,"height":1024},{"@type":"BreadcrumbList","@id":"https:\/\/www.rdcourses.fr\/index.php\/courses\/#breadcrumb","itemListElement":[{"@type":"ListItem","position":1,"name":"Accueil","item":"https:\/\/www.rdcourses.fr\/"},{"@type":"ListItem","position":2,"name":"Courses"}]},{"@type":"WebSite","@id":"https:\/\/www.rdcourses.fr\/#website","url":"https:\/\/www.rdcourses.fr\/","name":"RD Courses","description":"Votre transporteur Toulousain","publisher":{"@id":"https:\/\/www.rdcourses.fr\/#organization"},"potentialAction":[{"@type":"SearchAction","target":{"@type":"EntryPoint","urlTemplate":"https:\/\/www.rdcourses.fr\/?s={search_term_string}"},"query-input":{"@type":"PropertyValueSpecification","valueRequired":true,"valueName":"search_term_string"}}],"inLanguage":"fr-FR"},{"@type":"Organization","@id":"https:\/\/www.rdcourses.fr\/#organization","name":"RD Courses","url":"https:\/\/www.rdcourses.fr\/","logo":{"@type":"ImageObject","inLanguage":"fr-FR","@id":"https:\/\/www.rdcourses.fr\/#\/schema\/logo\/image\/","url":"https:\/\/www.rdcourses.fr\/wp-content\/uploads\/2022\/05\/logo.png","contentUrl":"https:\/\/www.rdcourses.fr\/wp-content\/uploads\/2022\/05\/logo.png","width":278,"height":228,"caption":"RD Courses"},"image":{"@id":"https:\/\/www.rdcourses.fr\/#\/schema\/logo\/image\/"}}]}},"_links":{"self":[{"href":"https:\/\/www.rdcourses.fr\/index.php\/wp-json\/wp\/v2\/pages\/403","targetHints":{"allow":["GET"]}}],"collection":[{"href":"https:\/\/www.rdcourses.fr\/index.php\/wp-json\/wp\/v2\/pages"}],"about":[{"href":"https:\/\/www.rdcourses.fr\/index.php\/wp-json\/wp\/v2\/types\/page"}],"author":[{"embeddable":true,"href":"https:\/\/www.rdcourses.fr\/index.php\/wp-json\/wp\/v2\/users\/1"}],"replies":[{"embeddable":true,"href":"https:\/\/www.rdcourses.fr\/index.php\/wp-json\/wp\/v2\/comments?post=403"}],"version-history":[{"count":11,"href":"https:\/\/www.rdcourses.fr\/index.php\/wp-json\/wp\/v2\/pages\/403\/revisions"}],"predecessor-version":[{"id":455,"href":"https:\/\/www.rdcourses.fr\/index.php\/wp-json\/wp\/v2\/pages\/403\/revisions\/455"}],"wp:attachment":[{"href":"https:\/\/www.rdcourses.fr\/index.php\/wp-json\/wp\/v2\/media?parent=403"}],"curies":[{"name":"wp","href":"https:\/\/api.w.org\/{rel}","templated":true}]}}