{"id":360,"date":"2023-11-22T12:54:50","date_gmt":"2023-11-22T11:54:50","guid":{"rendered":"https:\/\/www.rdcourses.fr\/?page_id=360"},"modified":"2026-03-03T14:56:32","modified_gmt":"2026-03-03T13:56:32","slug":"liste-des-offres","status":"publish","type":"page","link":"https:\/\/www.rdcourses.fr\/index.php\/liste-des-offres\/","title":{"rendered":"Liste des offres"},"content":{"rendered":"\n<p><strong>Offre d\u2019emploi : Magasinier (H\/F) \u2013 39h<\/strong><\/p>\n\n\n\n<p><strong>Entreprise de transport<\/strong><\/p>\n\n\n\n<p>Dans le cadre de notre d\u00e9veloppement, nous recherchons un(e) <strong>Magasinier(\u00e8re)<\/strong> en CDI \u2013 39 heures par semaine \u2013 pour rejoindre notre entreprise de transport.<\/p>\n\n\n\n<h3 class=\"wp-block-heading\"><strong>Vos missions :<\/strong><\/h3>\n\n\n\n<ul class=\"wp-block-list\">\n<li>R\u00e9ception et contr\u00f4le des marchandises (cuisines et \u00e9lectrom\u00e9nagers)<\/li>\n\n\n\n<li>D\u00e9chargement et rangement des colis en entrep\u00f4t<\/li>\n\n\n\n<li>Organisation et gestion du stock<\/li>\n\n\n\n<li>Saisie et mise \u00e0 jour de tableaux de suivi sur Excel<\/li>\n\n\n\n<li>Planification et prise de rendez-vous avec les clients<\/li>\n\n\n\n<li>Coordination avec les \u00e9quipes de livraison<\/li>\n<\/ul>\n\n\n\n<h3 class=\"wp-block-heading\"><strong>Profil recherch\u00e9 :<\/strong><\/h3>\n\n\n\n<ul class=\"wp-block-list\">\n<li>Organis\u00e9(e), rigoureux(se) et autonome<\/li>\n\n\n\n<li>\u00c0 l\u2019aise avec l\u2019outil informatique (ma\u00eetrise d\u2019Excel demand\u00e9e)<\/li>\n\n\n\n<li>Bon relationnel client<\/li>\n\n\n\n<li>Une premi\u00e8re exp\u00e9rience en logistique, transport ou magasinage est un plus<\/li>\n\n\n\n<li>Capacit\u00e9 \u00e0 manipuler des charges<\/li>\n<\/ul>\n\n\n\n<h3 class=\"wp-block-heading\"><strong>Conditions :<\/strong><\/h3>\n\n\n\n<ul class=\"wp-block-list\">\n<li>Contrat : CDI<\/li>\n\n\n\n<li>Temps de travail : 39h\/semaine<\/li>\n\n\n\n<li>Poste bas\u00e9 \u00e0 Brugui\u00e8res <\/li>\n<\/ul>\n\n\n\n<p>Merci d\u2019adresser votre CV \u00e0 : lorie.roellinger@rdcourses.fr <\/p>\n\n\n\n<p><\/p>\n","protected":false},"excerpt":{"rendered":"<p>Offre d\u2019emploi : Magasinier (H\/F) \u2013 39h Entreprise de transport Dans le cadre de notre d\u00e9veloppement, nous recherchons un(e) Magasinier(\u00e8re) en CDI \u2013 39 heures par semaine \u2013 pour rejoindre notre entreprise de transport. Vos missions : Profil recherch\u00e9 : Conditions : Merci d\u2019adresser votre CV \u00e0 : lorie.roellinger@rdcourses.fr<\/p>\n","protected":false},"author":1,"featured_media":0,"parent":0,"menu_order":0,"comment_status":"closed","ping_status":"closed","template":"","meta":{"footnotes":""},"class_list":["post-360","page","type-page","status-publish","hentry"],"yoast_head":"<!-- This site is optimized with the Yoast SEO plugin v27.1 - https:\/\/yoast.com\/product\/yoast-seo-wordpress\/ -->\n<title>Liste des offres - RD Courses<\/title>\n<meta name=\"robots\" content=\"index, follow, max-snippet:-1, max-image-preview:large, max-video-preview:-1\" \/>\n<link rel=\"canonical\" href=\"https:\/\/www.rdcourses.fr\/index.php\/liste-des-offres\/\" \/>\n<meta property=\"og:locale\" content=\"fr_FR\" \/>\n<meta property=\"og:type\" content=\"article\" \/>\n<meta property=\"og:title\" content=\"Liste des offres - RD Courses\" \/>\n<meta property=\"og:description\" content=\"Offre d\u2019emploi : Magasinier (H\/F) \u2013 39h Entreprise de transport Dans le cadre de notre d\u00e9veloppement, nous recherchons un(e) Magasinier(\u00e8re) en CDI \u2013 39 heures par semaine \u2013 pour rejoindre notre entreprise de transport. Vos missions : Profil recherch\u00e9 : Conditions : Merci d\u2019adresser votre CV \u00e0 : lorie.roellinger@rdcourses.fr\" \/>\n<meta property=\"og:url\" content=\"https:\/\/www.rdcourses.fr\/index.php\/liste-des-offres\/\" \/>\n<meta property=\"og:site_name\" content=\"RD Courses\" \/>\n<meta property=\"article:modified_time\" content=\"2026-03-03T13:56:32+00:00\" \/>\n<meta name=\"twitter:card\" content=\"summary_large_image\" \/>\n<meta name=\"twitter:label1\" content=\"Dur\u00e9e de lecture estim\u00e9e\" \/>\n\t<meta name=\"twitter:data1\" content=\"1 minute\" \/>\n<script type=\"application\/ld+json\" class=\"yoast-schema-graph\">{\"@context\":\"https:\/\/schema.org\",\"@graph\":[{\"@type\":\"WebPage\",\"@id\":\"https:\/\/www.rdcourses.fr\/index.php\/liste-des-offres\/\",\"url\":\"https:\/\/www.rdcourses.fr\/index.php\/liste-des-offres\/\",\"name\":\"Liste des offres - RD Courses\",\"isPartOf\":{\"@id\":\"https:\/\/www.rdcourses.fr\/#website\"},\"datePublished\":\"2023-11-22T11:54:50+00:00\",\"dateModified\":\"2026-03-03T13:56:32+00:00\",\"breadcrumb\":{\"@id\":\"https:\/\/www.rdcourses.fr\/index.php\/liste-des-offres\/#breadcrumb\"},\"inLanguage\":\"fr-FR\",\"potentialAction\":[{\"@type\":\"ReadAction\",\"target\":[\"https:\/\/www.rdcourses.fr\/index.php\/liste-des-offres\/\"]}]},{\"@type\":\"BreadcrumbList\",\"@id\":\"https:\/\/www.rdcourses.fr\/index.php\/liste-des-offres\/#breadcrumb\",\"itemListElement\":[{\"@type\":\"ListItem\",\"position\":1,\"name\":\"Accueil\",\"item\":\"https:\/\/www.rdcourses.fr\/\"},{\"@type\":\"ListItem\",\"position\":2,\"name\":\"Liste des offres\"}]},{\"@type\":\"WebSite\",\"@id\":\"https:\/\/www.rdcourses.fr\/#website\",\"url\":\"https:\/\/www.rdcourses.fr\/\",\"name\":\"RD Courses\",\"description\":\"Votre transporteur Toulousain\",\"publisher\":{\"@id\":\"https:\/\/www.rdcourses.fr\/#organization\"},\"potentialAction\":[{\"@type\":\"SearchAction\",\"target\":{\"@type\":\"EntryPoint\",\"urlTemplate\":\"https:\/\/www.rdcourses.fr\/?s={search_term_string}\"},\"query-input\":{\"@type\":\"PropertyValueSpecification\",\"valueRequired\":true,\"valueName\":\"search_term_string\"}}],\"inLanguage\":\"fr-FR\"},{\"@type\":\"Organization\",\"@id\":\"https:\/\/www.rdcourses.fr\/#organization\",\"name\":\"RD Courses\",\"url\":\"https:\/\/www.rdcourses.fr\/\",\"logo\":{\"@type\":\"ImageObject\",\"inLanguage\":\"fr-FR\",\"@id\":\"https:\/\/www.rdcourses.fr\/#\/schema\/logo\/image\/\",\"url\":\"https:\/\/www.rdcourses.fr\/wp-content\/uploads\/2022\/05\/logo.png\",\"contentUrl\":\"https:\/\/www.rdcourses.fr\/wp-content\/uploads\/2022\/05\/logo.png\",\"width\":278,\"height\":228,\"caption\":\"RD Courses\"},\"image\":{\"@id\":\"https:\/\/www.rdcourses.fr\/#\/schema\/logo\/image\/\"}}]}<\/script>\n<!-- \/ Yoast SEO plugin. -->","yoast_head_json":{"title":"Liste des offres - RD Courses","robots":{"index":"index","follow":"follow","max-snippet":"max-snippet:-1","max-image-preview":"max-image-preview:large","max-video-preview":"max-video-preview:-1"},"canonical":"https:\/\/www.rdcourses.fr\/index.php\/liste-des-offres\/","og_locale":"fr_FR","og_type":"article","og_title":"Liste des offres - RD Courses","og_description":"Offre d\u2019emploi : Magasinier (H\/F) \u2013 39h Entreprise de transport Dans le cadre de notre d\u00e9veloppement, nous recherchons un(e) Magasinier(\u00e8re) en CDI \u2013 39 heures par semaine \u2013 pour rejoindre notre entreprise de transport. Vos missions : Profil recherch\u00e9 : Conditions : Merci d\u2019adresser votre CV \u00e0 : lorie.roellinger@rdcourses.fr","og_url":"https:\/\/www.rdcourses.fr\/index.php\/liste-des-offres\/","og_site_name":"RD Courses","article_modified_time":"2026-03-03T13:56:32+00:00","twitter_card":"summary_large_image","twitter_misc":{"Dur\u00e9e de lecture estim\u00e9e":"1 minute"},"schema":{"@context":"https:\/\/schema.org","@graph":[{"@type":"WebPage","@id":"https:\/\/www.rdcourses.fr\/index.php\/liste-des-offres\/","url":"https:\/\/www.rdcourses.fr\/index.php\/liste-des-offres\/","name":"Liste des offres - RD Courses","isPartOf":{"@id":"https:\/\/www.rdcourses.fr\/#website"},"datePublished":"2023-11-22T11:54:50+00:00","dateModified":"2026-03-03T13:56:32+00:00","breadcrumb":{"@id":"https:\/\/www.rdcourses.fr\/index.php\/liste-des-offres\/#breadcrumb"},"inLanguage":"fr-FR","potentialAction":[{"@type":"ReadAction","target":["https:\/\/www.rdcourses.fr\/index.php\/liste-des-offres\/"]}]},{"@type":"BreadcrumbList","@id":"https:\/\/www.rdcourses.fr\/index.php\/liste-des-offres\/#breadcrumb","itemListElement":[{"@type":"ListItem","position":1,"name":"Accueil","item":"https:\/\/www.rdcourses.fr\/"},{"@type":"ListItem","position":2,"name":"Liste des offres"}]},{"@type":"WebSite","@id":"https:\/\/www.rdcourses.fr\/#website","url":"https:\/\/www.rdcourses.fr\/","name":"RD Courses","description":"Votre transporteur Toulousain","publisher":{"@id":"https:\/\/www.rdcourses.fr\/#organization"},"potentialAction":[{"@type":"SearchAction","target":{"@type":"EntryPoint","urlTemplate":"https:\/\/www.rdcourses.fr\/?s={search_term_string}"},"query-input":{"@type":"PropertyValueSpecification","valueRequired":true,"valueName":"search_term_string"}}],"inLanguage":"fr-FR"},{"@type":"Organization","@id":"https:\/\/www.rdcourses.fr\/#organization","name":"RD Courses","url":"https:\/\/www.rdcourses.fr\/","logo":{"@type":"ImageObject","inLanguage":"fr-FR","@id":"https:\/\/www.rdcourses.fr\/#\/schema\/logo\/image\/","url":"https:\/\/www.rdcourses.fr\/wp-content\/uploads\/2022\/05\/logo.png","contentUrl":"https:\/\/www.rdcourses.fr\/wp-content\/uploads\/2022\/05\/logo.png","width":278,"height":228,"caption":"RD Courses"},"image":{"@id":"https:\/\/www.rdcourses.fr\/#\/schema\/logo\/image\/"}}]}},"_links":{"self":[{"href":"https:\/\/www.rdcourses.fr\/index.php\/wp-json\/wp\/v2\/pages\/360","targetHints":{"allow":["GET"]}}],"collection":[{"href":"https:\/\/www.rdcourses.fr\/index.php\/wp-json\/wp\/v2\/pages"}],"about":[{"href":"https:\/\/www.rdcourses.fr\/index.php\/wp-json\/wp\/v2\/types\/page"}],"author":[{"embeddable":true,"href":"https:\/\/www.rdcourses.fr\/index.php\/wp-json\/wp\/v2\/users\/1"}],"replies":[{"embeddable":true,"href":"https:\/\/www.rdcourses.fr\/index.php\/wp-json\/wp\/v2\/comments?post=360"}],"version-history":[{"count":6,"href":"https:\/\/www.rdcourses.fr\/index.php\/wp-json\/wp\/v2\/pages\/360\/revisions"}],"predecessor-version":[{"id":476,"href":"https:\/\/www.rdcourses.fr\/index.php\/wp-json\/wp\/v2\/pages\/360\/revisions\/476"}],"wp:attachment":[{"href":"https:\/\/www.rdcourses.fr\/index.php\/wp-json\/wp\/v2\/media?parent=360"}],"curies":[{"name":"wp","href":"https:\/\/api.w.org\/{rel}","templated":true}]}}